{"id":1490,"date":"2025-06-27T10:20:13","date_gmt":"2025-06-27T10:20:13","guid":{"rendered":"https:\/\/blumusic.cat\/declaracion-de-accesibilidad\/"},"modified":"2025-06-27T10:30:10","modified_gmt":"2025-06-27T10:30:10","slug":"declaracion-de-accesibilidad","status":"publish","type":"page","link":"https:\/\/blumusic.cat\/es\/declaracion-de-accesibilidad\/","title":{"rendered":"Declaraci\u00f3n de accesibilidad"},"content":{"rendered":"\n<p>Anna Aparicio Catal\u00e0 se ha comprometido a hacer accesible su sitio web <a href=\"https:\/\/blumusic.cat\/es\/\">www.blumusic.cat<\/a>, de conformidad con la norma UNE-EN 301 549:2022.<\/p>\n\n<p>La presente declaraci\u00f3n de accesibilidad se aplica en el sitio web <a href=\"https:\/\/blumusic.cat\/es\/\">blumusic.cat<\/a><\/p>\n\n<h2 class=\"wp-block-heading marro\">Situaci\u00f3n de cumplimiento<\/h2>\n\n<p>Este sitio web es plenamente conforme con la norma UNE-EN 301 549:2022.<\/p>\n\n<h2 class=\"wp-block-heading marro\">Preparaci\u00f3n de la presente declaraci\u00f3n de accesibilidad <\/h2>\n\n<p>La presente declaraci\u00f3n fue preparada el 27 de junio de 2025. <\/p>\n\n<p>El m\u00e9todo utilizado para preparar la declaraci\u00f3n ha sido la autoevaluaci\u00f3n llevada a cabo por Turing Projects SL, quien declara que el presente sitio web corresponde sustancialmente a la interpretaci\u00f3n de la gu\u00eda informativa proporcionada por las pautas WCAG 2.1 AA. En este esfuerzo continuo en la eliminaci\u00f3n de barreras, seguir\u00e1 mejorando este sitio hasta conseguir una accesibilidad y usabilidad \u00f3ptimas para todos los usuarios. <\/p>\n\n<p>\u00daltima revisi\u00f3n de la declaraci\u00f3n: 27 de junio de 2025. <\/p>\n\n<h2 class=\"wp-block-heading marro\">Observaciones y datos de contacto <\/h2>\n\n<p>Puede realizar comunicaciones sobre requisitos de accesibilidad (art\u00edculo 10.2 del RD 1112\/2018) como por ejemplo:<\/p>\n\n<ul class=\"wp-block-list\">\n<li>informar sobre cualquier posible incumplimiento por parte de este sitio web<\/li>\n\n\n\n<li>transmitir otras dificultades de acceso al contenido<\/li>\n\n\n\n<li>formular cualquier otra consulta o sugerencia de mejora relativa a la accesibilidad del sitio web a trav\u00e9s del mail <a href=\"mailto:fedeserratcp@gmail.com\">fedeserratcp@gmail.com<\/a><\/li>\n<\/ul>\n\n<h2 class=\"wp-block-heading marro\">Contenido opcional<\/h2>\n\n<p>Este sitio web:<\/p>\n\n<ul class=\"wp-block-list\">\n<li>Se ha dise\u00f1ado adapt\u00e1ndose a los est\u00e1ndares y normativas vigentes en relaci\u00f3n con la accesibilidad, cumpliendo con los puntos de verificaci\u00f3n de prioridad 2 (AA) definidos en la especificaci\u00f3n de las Directrices de Accesibilidad al Contenido en la Web (WCAG 2.1 ).<\/li>\n\n\n\n<li>Cumple con los requisitos de la Norma UNE-EN 301549 v1.1.2:2022, considerando las excepciones del Real Decreto 1112\/2018.<\/li>\n\n\n\n<li>Est\u00e1 dise\u00f1ado para su correcta visualizaci\u00f3n en dispositivos de escritorio, tablet y m\u00f3viles para una resoluci\u00f3n m\u00ednima de 1280\u00d71024.<\/li>\n\n\n\n<li>Se ha realizado en tecnolog\u00eda WordPress, utilizando HTML5 como lenguaje de marcado y hojas de estilo CSS 3 para su dise\u00f1o.<\/li>\n<\/ul>\n","protected":false},"excerpt":{"rendered":"<p>Anna Aparicio Catal\u00e0 se ha comprometido a hacer accesible su sitio web www.blumusic.cat, de conformidad con la norma UNE-EN 301 549:2022. La presente declaraci\u00f3n de accesibilidad se aplica en el sitio web blumusic.cat Situaci\u00f3n de cumplimiento Este sitio web es plenamente conforme con la norma UNE-EN 301 549:2022. Preparaci\u00f3n de la presente declaraci\u00f3n de accesibilidad [&hellip;]<\/p>\n","protected":false},"author":1,"featured_media":0,"parent":0,"menu_order":0,"comment_status":"closed","ping_status":"closed","template":"","meta":{"_genesis_hide_title":false,"_genesis_hide_breadcrumbs":false,"_genesis_hide_singular_image":false,"_genesis_hide_footer_widgets":false,"_genesis_custom_body_class":"","_genesis_custom_post_class":"","_genesis_layout":"","footnotes":""},"class_list":{"0":"post-1490","1":"page","2":"type-page","3":"status-publish","5":"entry"},"_links":{"self":[{"href":"https:\/\/blumusic.cat\/es\/wp-json\/wp\/v2\/pages\/1490","targetHints":{"allow":["GET"]}}],"collection":[{"href":"https:\/\/blumusic.cat\/es\/wp-json\/wp\/v2\/pages"}],"about":[{"href":"https:\/\/blumusic.cat\/es\/wp-json\/wp\/v2\/types\/page"}],"author":[{"embeddable":true,"href":"https:\/\/blumusic.cat\/es\/wp-json\/wp\/v2\/users\/1"}],"replies":[{"embeddable":true,"href":"https:\/\/blumusic.cat\/es\/wp-json\/wp\/v2\/comments?post=1490"}],"version-history":[{"count":1,"href":"https:\/\/blumusic.cat\/es\/wp-json\/wp\/v2\/pages\/1490\/revisions"}],"predecessor-version":[{"id":1491,"href":"https:\/\/blumusic.cat\/es\/wp-json\/wp\/v2\/pages\/1490\/revisions\/1491"}],"wp:attachment":[{"href":"https:\/\/blumusic.cat\/es\/wp-json\/wp\/v2\/media?parent=1490"}],"curies":[{"name":"wp","href":"https:\/\/api.w.org\/{rel}","templated":true}]}}