{"id":1508,"date":"2025-03-26T09:50:54","date_gmt":"2025-03-26T08:50:54","guid":{"rendered":"https:\/\/blumusic.cat\/?page_id=1508"},"modified":"2025-07-17T17:57:11","modified_gmt":"2025-07-17T15:57:11","slug":"politica-de-privacidad","status":"publish","type":"page","link":"https:\/\/blumusic.cat\/es\/politica-de-privacidad\/","title":{"rendered":"Pol\u00edtica de privacidad"},"content":{"rendered":"\n<p>Esta pol\u00edtica de privacidad explica c\u00f3mo la web de <strong>BluMusic <\/strong>aplica y cumple la normativa de protecci\u00f3n de datos personales que le aplica, de acuerdo con la siguiente normativa:<\/p>\n\n\n\n<ul class=\"wp-block-list\">\n<li>Reglamento 2016\/679 del Parlamento Europeo y del Consejo, de 27 de abril de 2016, Reglamento General de Protecci\u00f3n de Datos (en adelante RGDP)<\/li>\n\n\n\n<li>Ley org\u00e1nica 3\/2018, de 5 de diciembre, de protecci\u00f3n de datos personales y garant\u00eda de los derechos digitales (en adelante LOPD-GDD) y la normativa que se derive<\/li>\n<\/ul>\n\n\n\n<p>Debes saber que el <strong>responsable del tratamiento<\/strong> de los datos personales es<strong>BluMusic <\/strong>, y puedes contactar con ellos en el correo electr\u00f3nico <a href=\"mailto:blumusicproduccions@gmail.com\">blumusicproduccions@gmail.com<\/a><\/p>\n\n\n\n<p>Para los datos personales que trata, no tiene obligaci\u00f3n de disponer de Delegado o Delegada de Protecci\u00f3n de Datos Personales<\/p>\n\n\n\n<h2 class=\"wp-block-heading\"><strong>\u00bfC\u00f3mo tratamos los datos personales?<\/strong><\/h2>\n\n\n\n<p>Informamos a los usuarios que realizamos los siguientes tratamientos de datos personales a trav\u00e9s de la web, con qu\u00e9 finalidad lo hacemos y la base legal para ello.<\/p>\n\n\n\n<ul class=\"wp-block-list\">\n<li>Correo electr\u00f3nico, llamada telef\u00f3nica y redes sociales. Facilitamos nuestro tel\u00e9fono, correo electr\u00f3nico y contacto en las redes sociales para que te pongas en contacto con nosotros con el fin de responder a sus consultas. Podemos realizar este tratamiento en base al inter\u00e9s leg\u00edtimo por atender a quien se pone en contacto con nosotros (art\u00edculo 6.1.f del RGPD).<\/li>\n\n\n\n<li>Ejercicio de derechos. Tratamos tu correo o consulta si ejerces tus derechos con el fin de gestionar el ejercicio de los derechos asociados a los datos personales. Podemos realizar este tratamiento en base al inter\u00e9s leg\u00edtimo por cumplir con una solicitud con base legal (art\u00edculo 6.1.f del RGPD).<\/li>\n<\/ul>\n\n\n\n<h2 class=\"wp-block-heading\"><strong>Principales caracter\u00edsticas de estos tratamientos<\/strong><\/h2>\n\n\n\n<p>Queremos explicarte las principales caracter\u00edsticas de los tratamientos de datos personales que hacemos.<\/p>\n\n\n\n<ul class=\"wp-block-list\">\n<li>Si es necesario tu consentimiento, debes saber que siempre lo puedes retirar en cualquier momento. Esto no afecta al tratamiento de tus datos que hayamos realizado antes de su retirada.<\/li>\n\n\n\n<li>En estos tratamientos no hay datos de categor\u00eda especial<\/li>\n\n\n\n<li>No aplicamos decisiones automatizadas.<\/li>\n\n\n\n<li>En cada lugar donde recogemos datos personales hemos puesto un breve texto informativo del tratamiento, que se llama primera capa.<\/li>\n\n\n\n<li>Guardaremos tus datos personales mientras dure la relaci\u00f3n profesional y, posteriormente, el tiempo previsto por la normativa de aplicaci\u00f3n. Por ejemplo, los datos deben guardarse un tiempo legal concreto por las reclamaciones que puedan haber, por temas fiscales y contables o la prevenci\u00f3n de blanqueo de capitales.<\/li>\n<\/ul>\n\n\n\n<h2 class=\"wp-block-heading\"><strong>\u00bfQu\u00e9 datos personales enviamos a otras organizaciones?<\/strong><\/h2>\n\n\n\n<p>Los datos personales recogidos por <strong>BluMusic <\/strong>pueden cederse directamente a otras organizaciones como administraciones, empresas o entidades. S\u00ed enviamos los datos personales a entidades o empresas para realizar nuestras actividades y el funcionamiento de la web. A continuaci\u00f3n te detallamos cu\u00e1les son:<\/p>\n\n\n\n<ul class=\"wp-block-list\">\n<li>Administraciones para cumplir con las obligaciones legales<\/li>\n<\/ul>\n\n\n\n<p>La infraestructura tecnol\u00f3gica asociada a la web se ha estructurado de la siguiente forma.&nbsp;<\/p>\n\n\n\n<ul class=\"wp-block-list\">\n<li>La web est\u00e1 hospedada en el proveedor <a href=\"https:\/\/www.cdmon.com\/ca\/\" target=\"_blank\" rel=\"noreferrer noopener\">CDMon<\/a>. No hay transferencia internacional de datos\u00a0 porque tienen los servidores en la Uni\u00f3n Europea (ver la <a href=\"https:\/\/www.cdmon.com\/ca\/contractes\/avis-legal-i-politica-de-privadesa-de-dades-20180525\" target=\"_blank\" rel=\"noreferrer noopener\">pol\u00edtica privaci<\/a>dad.<\/li>\n\n\n\n<li>El correo se gestiona a trav\u00e9s de Google, No hay transferencia internacional de datos porque tienen los servidores en la Uni\u00f3n Europea (ver su <a href=\"https:\/\/www.cdmon.com\/ca\/contractes\/avis-legal-i-politica-de-privadesa-de-dades-20180525\" target=\"_blank\" rel=\"noreferrer noopener\">pol\u00edtica privacida<\/a>d).<\/li>\n<\/ul>\n\n\n\n<h2 class=\"wp-block-heading\"><strong>Transferencia Internacional de datos<\/strong><\/h2>\n\n\n\n<p>Te informamos que <strong>nosotros directamente no realizamos<\/strong> transferencias de datos a un tercer pa\u00eds o a una organizaci\u00f3n internacional fuera de la Uni\u00f3n Europea, pero algunos de los proveedores de la infraestructura tecnol\u00f3gica realizan transferencias internacionales de datos pero con seguridad equivalente seg\u00fan el RGPD.<\/p>\n\n\n\n<ul class=\"wp-block-list\">\n<li>Google, se adecua a las decisiones de adecuaci\u00f3n de la Comisi\u00f3n Europea y se puede consultar en el siguiente link: <a href=\"https:\/\/privacy.google.com\/intl\/es\/businesses\/compliance\/\" target=\"_blank\" rel=\"noreferrer noopener\">https:\/\/privacy.google.com\/intl\/es\/businesses\/compliance\/<\/a>\u00a0\u00a0<\/li>\n\n\n\n<li>LinkedIn, se adecua a las decisiones de adecuaci\u00f3n de la Comisi\u00f3n Europea y se puede consultar en el siguiente link\u00a0<br><a href=\"https:\/\/es.linkedin.com\/legal\/privacy-policy?\" target=\"_blank\" rel=\"noreferrer noopener\">Pol\u00edtica de privacidad de LinkedIn<\/a><br><a href=\"https:\/\/es.linkedin.com\/legal\/privacy\/eu?\" target=\"_blank\" rel=\"noreferrer noopener\">Centro regional europeo<\/a><\/li>\n\n\n\n<li>Instagram,se adecua a las decisiones de adecuaci\u00f3n de la Comisi\u00f3n Europea y se puede consultar en el siguiente link\u00a0<br><a href=\"https:\/\/privacycenter.instagram.com\/policy\/?entry_point=ig_help_center_data_policy_redirect\" target=\"_blank\" rel=\"noreferrer noopener\">Pol\u00edtica de privacidad de Meta: c\u00f3mo Meta recopila y usa los datos de usuarios | Centro de privacidad | Administra tu privacidad en Facebook, Instagram y Messenger | Privacidad de Facebook<\/a><\/li>\n<\/ul>\n\n\n\n<h2 class=\"wp-block-heading\"><strong>Tienes derechos respeto tus datos personales<\/strong><\/h2>\n\n\n\n<p>Te recordamos que <strong>puedes ejercer tus derechos sobre los datos personales<\/strong> que trata <strong>BluMusic <\/strong>&nbsp;:<\/p>\n\n\n\n<ul class=\"wp-block-list\">\n<li>Tienes derecho a obtener confirmaci\u00f3n sobre si tratamos datos personales tuyos.<\/li>\n\n\n\n<li>Tienes derecho a acceder a tus datos personales, as\u00ed como a solicitar la rectificaci\u00f3n de los datos inexactos o, en su caso, solicitar su supresi\u00f3n, entre otros motivos, cuando los datos ya no sean necesarios para los fines para los que se recogieron.<\/li>\n\n\n\n<li>Tienes derecho a limitar el tratamiento de tus datos. En este caso, \u00fanicamente los conservaremos para ejercitar o defender posibles reclamaciones.<\/li>\n\n\n\n<li>Tienes derecho a la portabilidad de tus datos personales, es decir, obtener tus datos personales en un formato estructurado de uso com\u00fan y lectura mec\u00e1nica y transmitirlos a otro responsable, si es aplicable.<\/li>\n\n\n\n<li>Tienes derecho a retirar el consentimiento en cualquier momento<\/li>\n\n\n\n<li>Saber si la comunicaci\u00f3n de datos es un requisito legal o contractual o un requisito necesario para suscribir un contrato, y si est\u00e1s (t\u00fa como interesado) obligado a facilitar los datos y consecuencias de no hacerlo.<\/li>\n<\/ul>\n\n\n\n<p><strong>Puedes ejercitar tus derechos <\/strong>enviando un correo electr\u00f3nico a la direcci\u00f3n de correo blumusicproduccions@gmail.com &nbsp;donde explicas c\u00faal es tu consulta y nos facilitas tu nombre y apellidos. Nos reservamos la posibilidad de solicitar alg\u00fan mecanismo de verificaci\u00f3n de tu identidad.<\/p>\n\n\n\n<p>Si consideras que tus derechos no se han atendido adecuadamente,<strong> tienes derecho a presentar una reclamaci\u00f3n <\/strong>ante la Agencia Espa\u00f1ola de Protecci\u00f3n de Datos, AEPD, <a href=\"https:\/\/www.aepd.es\" target=\"_blank\" rel=\"noreferrer noopener\">www.aepd.es<\/a><\/p>\n","protected":false},"excerpt":{"rendered":"<p>Esta pol\u00edtica de privacidad explica c\u00f3mo la web de BluMusic aplica y cumple la normativa de protecci\u00f3n de datos personales que le aplica, de acuerdo con la siguiente normativa: Debes saber que el responsable del tratamiento de los datos personales esBluMusic , y puedes contactar con ellos en el correo electr\u00f3nico blumusicproduccions@gmail.com Para los datos [&hellip;]<\/p>\n","protected":false},"author":1,"featured_media":0,"parent":0,"menu_order":0,"comment_status":"closed","ping_status":"closed","template":"","meta":{"_genesis_hide_title":false,"_genesis_hide_breadcrumbs":false,"_genesis_hide_singular_image":false,"_genesis_hide_footer_widgets":false,"_genesis_custom_body_class":"","_genesis_custom_post_class":"","_genesis_layout":"","footnotes":""},"class_list":{"0":"post-1508","1":"page","2":"type-page","3":"status-publish","5":"entry"},"_links":{"self":[{"href":"https:\/\/blumusic.cat\/es\/wp-json\/wp\/v2\/pages\/1508","targetHints":{"allow":["GET"]}}],"collection":[{"href":"https:\/\/blumusic.cat\/es\/wp-json\/wp\/v2\/pages"}],"about":[{"href":"https:\/\/blumusic.cat\/es\/wp-json\/wp\/v2\/types\/page"}],"author":[{"embeddable":true,"href":"https:\/\/blumusic.cat\/es\/wp-json\/wp\/v2\/users\/1"}],"replies":[{"embeddable":true,"href":"https:\/\/blumusic.cat\/es\/wp-json\/wp\/v2\/comments?post=1508"}],"version-history":[{"count":1,"href":"https:\/\/blumusic.cat\/es\/wp-json\/wp\/v2\/pages\/1508\/revisions"}],"predecessor-version":[{"id":1510,"href":"https:\/\/blumusic.cat\/es\/wp-json\/wp\/v2\/pages\/1508\/revisions\/1510"}],"wp:attachment":[{"href":"https:\/\/blumusic.cat\/es\/wp-json\/wp\/v2\/media?parent=1508"}],"curies":[{"name":"wp","href":"https:\/\/api.w.org\/{rel}","templated":true}]}}