{"id":1515,"date":"2025-07-17T18:00:06","date_gmt":"2025-07-17T16:00:06","guid":{"rendered":"https:\/\/blumusic.cat\/?page_id=1515"},"modified":"2025-07-17T18:02:26","modified_gmt":"2025-07-17T16:02:26","slug":"aviso-legal","status":"publish","type":"page","link":"https:\/\/blumusic.cat\/es\/aviso-legal\/","title":{"rendered":"Aviso legal"},"content":{"rendered":"\n<p>El aviso legal explica las condiciones de nuestra web, en cumplimiento de la Ley 34\/2002, de 11 de julio, de Servicios de la Sociedad de la Informaci\u00f3n y de Comercio Electr\u00f3nico (conocida como LSSI), as\u00ed como otras normas que tienen una aplicaci\u00f3n legal.<\/p>\n\n\n\n<p>La p\u00e1gina web y el nombre de dominio <a href=\"https:\/\/blumusic.cat\/es\/\">https:\/\/blumusic.cat\/<\/a> es responsabilidad de Frederic Serrat, domiciliado en la calle Lepant 270 de Barcelona con c\u00f3digo postal 08013 y CIF 37696737J.<\/p>\n\n\n\n<p>Puedes contactar con nosotros enviando un correo a\u00a0 <a href=\"mailto:blumusicproduccions@gmail.com\">blumusicproduccions@gmail.com<\/a><\/p>\n\n\n\n<p>Frederic Serrat, con el nombre comercial de<strong> BluMusic, <\/strong>&nbsp;ejerce las funciones de titular de la web y prestamista de los servicios de la sociedad de la informaci\u00f3n, en lo sucesivo Responsable legal.<\/p>\n\n\n\n<p>El hecho de acceder y participar en esta p\u00e1gina implica el conocimiento y aceptaci\u00f3n de nuestra <a href=\"https:\/\/blumusic.cat\/es\/politica-de-privacidad\/\" data-type=\"page\" data-id=\"1508\">pol\u00edtica de privacidad.<\/a><\/p>\n\n\n\n<h2 class=\"wp-block-heading\">Condiciones de uso de la web<\/h2>\n\n\n\n<p>El uso de la web blumusic.cat implica que, como usuario de la web, conoces y aceptas plenamente las advertencias legales y las condiciones vigentes en cada momento que accedas. A continuaci\u00f3n te explicamos las advertencias legales y las condiciones vigentes.<\/p>\n\n\n\n<p>Asimismo, la utilizaci\u00f3n de algunos servicios determinados que este sitio oficial pone a disposici\u00f3n de los usuarios pueden estar sometidos a condiciones, advertencias o instrucciones especiales, que tambi\u00e9n deber\u00e1s consultar y aceptar sin reservas.<\/p>\n\n\n\n<p>La informaci\u00f3n proporcionada en esta web es s\u00f3lo para tu conocimiento general y no es sustituto de consejos m\u00e9dicos o profesionales para condiciones m\u00e9dicas espec\u00edficas. No debes utilizar esta informaci\u00f3n para diagnosticar o tratar ning\u00fan problema de salud o enfermedad sin consultar con un profesional m\u00e9dico.<\/p>\n\n\n\n<p><strong>Gratuidad del acceso<\/strong><\/p>\n\n\n\n<p>La utilizaci\u00f3n del sitio oficial blumusic.cat tiene car\u00e1cter gratuito. No obstante, en caso de que se ofrezca alg\u00fan servicio en la web que requiera realizar una contrataci\u00f3n previa, \u00e9ste puede estar condicionado al pago de un precio, actualmente o en el futuro, lo que se indicar\u00e1 convenientemente.<\/p>\n\n\n\n<p><strong>Propiedad intelectual y modificaciones por parte de usuarios<\/strong><\/p>\n\n\n\n<p>Esta p\u00e1gina web se encuentra protegida por las leyes de propiedad intelectual e industrial (en adelante, \u201clos Derechos\u201d), as\u00ed como que estos Derechos son v\u00e1lidos y est\u00e1n protegidos en todos los medios existentes en la actualidad o que se desarrollen en un futuro. El usuario acepta que el uso del contenido est\u00e1 sujeto y se rige por estas normas, adem\u00e1s por los Derechos, as\u00ed como por las leyes de propiedad privada aplicables en la legislaci\u00f3n vigente.<\/p>\n\n\n\n<p>A todos los efectos, no se permite a los usuarios la modificaci\u00f3n de las p\u00e1ginas que constituyen el sitio web blumusic.cat ni de sus contenidos.<\/p>\n\n\n\n<p>El Responsable legal se reserva el derecho a modificar las p\u00e1ginas y contenidos de su sitio web, as\u00ed como las condiciones de uso, y publicarlo en este mismo sitio web.<\/p>\n\n\n\n<p><strong>Restricciones de acceso y uso<\/strong><\/p>\n\n\n\n<p>La utilizaci\u00f3n del sitio oficial del Responsable legal deber\u00e1 obedecer al contenido de estas condiciones generales y de cualquiera de las disposiciones legales aplicables.<\/p>\n\n\n\n<p>El Responsable legal se reserva el derecho unilateral de denegar el acceso a este sitio web a los usuarios que incumplan estas condiciones de uso y privacidad.<\/p>\n\n\n\n<h2 class=\"wp-block-heading\">Pol\u00edtica de enlaces y exenciones de responsabilidad<\/h2>\n\n\n\n<p>El Responsable legal no se hace responsable del contenido de las p\u00e1ginas web a las que pueda acceder el usuario a trav\u00e9s de los enlaces establecidos en la web y declara que en ning\u00fan caso examinar\u00e1 ni ejercitar\u00e1 ning\u00fan tipo de control sobre el contenido de otras p\u00e1ginas de la red.<\/p>\n\n\n\n<p>Asimismo, tampoco garantiza la disponibilidad t\u00e9cnica, exactitud, veracidad, validez o legalidad de p\u00e1ginas ajenas a su propiedad a las que se pueda acceder a trav\u00e9s de los enlaces.<\/p>\n\n\n\n<p>El Responsable legal declara que ha adoptado todas las medidas necesarias para evitar cualquier da\u00f1o que pudiera derivarse de la navegaci\u00f3n por sus p\u00e1ginas web. En consecuencia, no se hace responsable, en ning\u00fan caso, de los eventuales da\u00f1os que pueda sufrir el usuario a causa de la navegaci\u00f3n por Internet.<\/p>\n\n\n\n<p>El Responsable legal no se responsabiliza de los da\u00f1os o perjuicios de cualquier tipo producidos en el usuario que lleven causa de errores o desconexiones en las redes de telecomunicaciones que produzcan la suspensi\u00f3n, cancelaci\u00f3n o interrupci\u00f3n del servicio de la web durante la prestaci\u00f3n del mismo o con car\u00e1cter previo.<\/p>\n\n\n\n<p>El acceso a la web no implica la obligaci\u00f3n por parte del Responsable legal de controlar la ausencia de virus o cualquier otro elemento inform\u00e1tico da\u00f1ino. Corresponde al usuario, en cualquier caso, la disponibilidad de herramientas adecuadas para la detecci\u00f3n y desinfecci\u00f3n de programas inform\u00e1ticos nocivos.<\/p>\n\n\n\n<p>El Responsable legal no se responsabiliza de los da\u00f1os producidos en los equipos inform\u00e1ticos, documentos y\/o archivos de los usuarios o de terceros durante la prestaci\u00f3n del servicio en el Portal.<\/p>\n\n\n\n<h2 class=\"wp-block-heading\">Normativa de aplicaci\u00f3n<\/h2>\n\n\n\n<p>La ley de aplicaci\u00f3n en caso de disputa o conflicto de interpretaci\u00f3n de los t\u00e9rminos que conforman este aviso legal, as\u00ed como cualquier cuesti\u00f3n relacionada con los servicios de este portal, ser\u00eda la ley espa\u00f1ola.<\/p>\n","protected":false},"excerpt":{"rendered":"<p>El aviso legal explica las condiciones de nuestra web, en cumplimiento de la Ley 34\/2002, de 11 de julio, de Servicios de la Sociedad de la Informaci\u00f3n y de Comercio Electr\u00f3nico (conocida como LSSI), as\u00ed como otras normas que tienen una aplicaci\u00f3n legal. La p\u00e1gina web y el nombre de dominio https:\/\/blumusic.cat\/ es responsabilidad de [&hellip;]<\/p>\n","protected":false},"author":1,"featured_media":0,"parent":0,"menu_order":0,"comment_status":"closed","ping_status":"closed","template":"","meta":{"_genesis_hide_title":false,"_genesis_hide_breadcrumbs":false,"_genesis_hide_singular_image":false,"_genesis_hide_footer_widgets":false,"_genesis_custom_body_class":"","_genesis_custom_post_class":"","_genesis_layout":"","footnotes":""},"class_list":{"0":"post-1515","1":"page","2":"type-page","3":"status-publish","5":"entry"},"_links":{"self":[{"href":"https:\/\/blumusic.cat\/es\/wp-json\/wp\/v2\/pages\/1515","targetHints":{"allow":["GET"]}}],"collection":[{"href":"https:\/\/blumusic.cat\/es\/wp-json\/wp\/v2\/pages"}],"about":[{"href":"https:\/\/blumusic.cat\/es\/wp-json\/wp\/v2\/types\/page"}],"author":[{"embeddable":true,"href":"https:\/\/blumusic.cat\/es\/wp-json\/wp\/v2\/users\/1"}],"replies":[{"embeddable":true,"href":"https:\/\/blumusic.cat\/es\/wp-json\/wp\/v2\/comments?post=1515"}],"version-history":[{"count":1,"href":"https:\/\/blumusic.cat\/es\/wp-json\/wp\/v2\/pages\/1515\/revisions"}],"predecessor-version":[{"id":1516,"href":"https:\/\/blumusic.cat\/es\/wp-json\/wp\/v2\/pages\/1515\/revisions\/1516"}],"wp:attachment":[{"href":"https:\/\/blumusic.cat\/es\/wp-json\/wp\/v2\/media?parent=1515"}],"curies":[{"name":"wp","href":"https:\/\/api.w.org\/{rel}","templated":true}]}}