{"id":1524,"date":"2025-07-17T18:06:19","date_gmt":"2025-07-17T16:06:19","guid":{"rendered":"https:\/\/blumusic.cat\/?page_id=1524"},"modified":"2025-07-17T18:16:25","modified_gmt":"2025-07-17T16:16:25","slug":"politica-de-cookies","status":"publish","type":"page","link":"https:\/\/blumusic.cat\/es\/politica-de-cookies\/","title":{"rendered":"Pol\u00edtica de cookies"},"content":{"rendered":"\n<p>En esta p\u00e1gina explicamos cu\u00e1l es la pol\u00edtica de cookies de esta web. Mediante el acceso y uso de la web, aceptas que <strong>BluMusic<\/strong><strong>&nbsp; <\/strong>puede utilizar las cookies propias y de terceros, de sesi\u00f3n y permanentes, con diferentes finalidades.<\/p>\n\n\n\n<p>A continuaci\u00f3n se explican qu\u00e9 tipos de cookies existen y cu\u00e1les son los usos concretos que hacemos de estas tecnolog\u00edas en la web.<\/p>\n\n\n\n<h2 class=\"wp-block-heading\">Los principales tipos de cookies<\/h2>\n\n\n\n<p>Existen diferentes tipos de cookies que pueden realizar una o m\u00e1s funciones en la web. Las cookies son archivos que los sitios web o las aplicaciones instalan en el navegador o en el dispositivo (smarphone, table, televisi\u00f3n conectada,&#8230;) del usuario durante su recorrido por las p\u00e1ginas del sitio y sirven para almacenar informaci\u00f3n sobre su visita.<\/p>\n\n\n\n<p>A continuaci\u00f3n se presenta una lista de los principales tipos de cookies con una breve descripci\u00f3n:<\/p>\n\n\n\n<ul class=\"wp-block-list\">\n<li><strong>T\u00e9cnicas<\/strong><\/li>\n<\/ul>\n\n\n\n<p>Permiten al usuario la navegaci\u00f3n a trav\u00e9s de una p\u00e1gina web, plataforma o aplicaci\u00f3n y la utilizaci\u00f3n de las diferentes opciones o servicios que existan, incluidos aquellos que el editor utiliza para permitir gesti\u00f3n operativa de la p\u00e1gina web y habilitar sus funciones y servicios, como, por ejemplo, controlar el tr\u00e1fico y la comunicaci\u00f3n de datos, identificar la sesi\u00f3n&#8230;.<\/p>\n\n\n\n<ul class=\"wp-block-list\">\n<li><strong>De preferencia o personalizaci\u00f3n<\/strong><\/li>\n<\/ul>\n\n\n\n<p>Permiten recordar informaci\u00f3n para que el usuario acceda al servicio con determinadas caracter\u00edsticas que puedan diferenciar su experiencia del resto de otros usuarios.<\/p>\n\n\n\n<ul class=\"wp-block-list\">\n<li><strong>De an\u00e1lisis o medida<\/strong><\/li>\n<\/ul>\n\n\n\n<p>Son aquellas que tratadas por nosotros o terceros, permiten cuantificar el n\u00famero de usuarios y as\u00ed realizar la medida y an\u00e1lisis estad\u00edstico del uso que realizan los usuarios de los servicios ofrecidos. Por este motivo, se analiza su navegaci\u00f3n en la p\u00e1gina web con el fin de mejorar la oferta de productos o servicios que le ofrecemos.<\/p>\n\n\n\n<ul class=\"wp-block-list\">\n<li><strong>De publicidad del comportamiento<\/strong><\/li>\n<\/ul>\n\n\n\n<p>Guardan informaci\u00f3n del comportamiento de los usuarios obtenida a trav\u00e9s de la observaci\u00f3n continuada de sus h\u00e1bitos de navegaci\u00f3n, lo que permite desarrollar un perfil espec\u00edfico para mostrar publicidad a trav\u00e9s del mismo.<\/p>\n\n\n\n<h2 class=\"wp-block-heading\">Las cookies en esta web<\/h2>\n\n\n\n<p>De forma sencilla a continuaci\u00f3n se presenta un listado de las cookies que utilizamos en nuestra web.<\/p>\n\n\n\n<figure class=\"wp-block-table\"><table class=\"has-fixed-layout\"><tbody><tr><td><strong>Nombre de la cookie<\/strong><\/td><td><strong>Qui\u00e9n las utiliza<\/strong>(propias\/terceros)&nbsp;<\/td><td><strong>Tipo<\/strong><\/td><td><strong>Tiempo de permanencia&nbsp;<\/strong><\/td><td><strong>Finalidad<\/strong><\/td><\/tr><tr><td>_ga_*<\/td><td>3r, de Google Analytics<\/td><td>Estad\u00edsticas<\/td><td>Guarda y cuenta las visitas a las p\u00e1ginas<\/td><td>1 a\u00f1o<\/td><\/tr><tr><td>_gat_gtag_UA_*<\/td><td>3r, de Google Analytics<\/td><td>Estad\u00edsticas<\/td><td>Guarda el ID de usuario \u00fanico<\/td><td>1 minuto<\/td><\/tr><tr><td>wp-wpml_current_language<\/td><td>web<\/td><td>Sesi\u00f3n<\/td><td>Guarda las opciones de lenguaje<\/td><td>1 dia<\/td><\/tr><\/tbody><\/table><\/figure>\n\n\n\n<h2 class=\"wp-block-heading\">Configuraci\u00f3n de las cookies y su deshabilitaci\u00f3n<\/h2>\n\n\n\n<p>Debes saber que puedes configurar tu navegador para aceptar o rechazar por defecto todas las cookies, o para recibir un aviso en pantalla de la recepci\u00f3n de cada cookie y decidir en ese momento su implantaci\u00f3n.<\/p>\n\n\n\n<p>Si el usuario lo desea, se puede dejar de aceptar las cookies del navegador. Todos los navegadores actuales permiten cambiar la configuraci\u00f3n de Cookies. Estos ajustes normalmente se encuentran en las opciones o preferencias del men\u00fa del navegador.<\/p>\n\n\n\n<p>Los procedimientos para el bloqueo y eliminaci\u00f3n de las cookies pueden diferir de un navegador de internet a otro, por lo que el usuario deber\u00e1 consultar las instrucciones facilitadas por el navegador de internet, como los que se detallan a continuaci\u00f3n:<\/p>\n\n\n\n<ul class=\"wp-block-list\">\n<li><a href=\"http:\/\/windows.microsoft.com\/es-es\/windows-vista\/block-or-allow-cookies\" target=\"_blank\" rel=\"noreferrer noopener\">Configuraci\u00f3n de <em>cookies<\/em> Internet Explorer<\/a><\/li>\n\n\n\n<li><a href=\"https:\/\/support.mozilla.org\/es\/kb\/habilitar-y-deshabilitar-cookies-que-los-sitios-we\" target=\"_blank\" rel=\"noreferrer noopener\">Configuraci\u00f3n de <em>cookies<\/em> de Firefox<\/a><\/li>\n\n\n\n<li><a href=\"https:\/\/support.google.com\/chrome\/bin\/answer.py?hl=es&amp;answer=95647\" target=\"_blank\" rel=\"noreferrer noopener\">Configuraci\u00f3n de <em>cookies<\/em> de Google Chrome<\/a><\/li>\n\n\n\n<li><a href=\"http:\/\/support.apple.com\/kb\/HT1677?viewlocale=es_ES&amp;locale=es_ES\" target=\"_blank\" rel=\"noreferrer noopener\">Configuraci\u00f3n de <em>cookies<\/em> de Safari<\/a><\/li>\n<\/ul>\n\n\n\n<p>Estos navegadores est\u00e1n sometidos a actualizaciones o modificaciones, por lo que no podemos garantizar que se ajusten completamente a la versi\u00f3n de tu navegador.<\/p>\n\n\n\n<p>En caso de que desee rechazar la utilizaci\u00f3n de cookies, debe saber que puede tener limitado el uso de algunas prestaciones de la web o el comportamiento de la web puede ser diferente. Es probable que si se deshabilita el uso de las cookies, es probable que la web no le deja acceder a todas las zonas del mismo o se degrade su experiencia de navegaci\u00f3n.<\/p>\n\n\n\n<h2 class=\"wp-block-heading\">Actualizaci\u00f3n de la Politica de Cookies<\/h2>\n\n\n\n<p><strong>BluMusic<\/strong><strong> <\/strong>puede modificar esta pol\u00edtica de cookies en funci\u00f3n de las exigencias legislativas, normativas o con el fin de adaptar esta pol\u00edtica a las instrucciones que pueda publicar los organismos reguladores como la Agencia Espa\u00f1ola de Protecci\u00f3n de Datos.<\/p>\n\n\n\n<p>Por este motivo, se recomienda la consulta peri\u00f3dica de esta pol\u00edtica.<\/p>\n\n\n\n<h2 class=\"wp-block-heading\">Perfiles<\/h2>\n\n\n\n<p>En esta web no se realizan perfiles de los usuarios que la visitan.<\/p>\n\n\n\n<h2 class=\"wp-block-heading\">Transferencia a pa\u00edses terceros<\/h2>\n\n\n\n<p>Los proveedores tecnol\u00f3gicos de soporte a la web pueden realizar transferencias a terceros pa\u00edses. Puedes informarte de sus transferencias a terceros pa\u00edses que, en cada caso, realizan las cookies identificadas en sus pol\u00edticas de cookies.&nbsp;<\/p>\n\n\n\n<h2 class=\"wp-block-heading\">Si tienes m\u00e1s dudas<\/h2>\n\n\n\n<p>Para cualquier cuesti\u00f3n adicional relacionada con el uso de cookies, puedes enviar tu petici\u00f3n mediante un correo electr\u00f3nico a \u00a0<a href=\"mailto:blumusicproduccions@gmail.com\">blumusicproduccions@gmail.com<\/a><\/p>\n","protected":false},"excerpt":{"rendered":"<p>En esta p\u00e1gina explicamos cu\u00e1l es la pol\u00edtica de cookies de esta web. Mediante el acceso y uso de la web, aceptas que BluMusic&nbsp; puede utilizar las cookies propias y de terceros, de sesi\u00f3n y permanentes, con diferentes finalidades. A continuaci\u00f3n se explican qu\u00e9 tipos de cookies existen y cu\u00e1les son los usos concretos que [&hellip;]<\/p>\n","protected":false},"author":1,"featured_media":0,"parent":0,"menu_order":0,"comment_status":"closed","ping_status":"closed","template":"","meta":{"_genesis_hide_title":false,"_genesis_hide_breadcrumbs":false,"_genesis_hide_singular_image":false,"_genesis_hide_footer_widgets":false,"_genesis_custom_body_class":"","_genesis_custom_post_class":"","_genesis_layout":"","footnotes":""},"class_list":{"0":"post-1524","1":"page","2":"type-page","3":"status-publish","5":"entry"},"_links":{"self":[{"href":"https:\/\/blumusic.cat\/es\/wp-json\/wp\/v2\/pages\/1524","targetHints":{"allow":["GET"]}}],"collection":[{"href":"https:\/\/blumusic.cat\/es\/wp-json\/wp\/v2\/pages"}],"about":[{"href":"https:\/\/blumusic.cat\/es\/wp-json\/wp\/v2\/types\/page"}],"author":[{"embeddable":true,"href":"https:\/\/blumusic.cat\/es\/wp-json\/wp\/v2\/users\/1"}],"replies":[{"embeddable":true,"href":"https:\/\/blumusic.cat\/es\/wp-json\/wp\/v2\/comments?post=1524"}],"version-history":[{"count":1,"href":"https:\/\/blumusic.cat\/es\/wp-json\/wp\/v2\/pages\/1524\/revisions"}],"predecessor-version":[{"id":1525,"href":"https:\/\/blumusic.cat\/es\/wp-json\/wp\/v2\/pages\/1524\/revisions\/1525"}],"wp:attachment":[{"href":"https:\/\/blumusic.cat\/es\/wp-json\/wp\/v2\/media?parent=1524"}],"curies":[{"name":"wp","href":"https:\/\/api.w.org\/{rel}","templated":true}]}}