{"id":404,"date":"2025-03-26T16:12:22","date_gmt":"2025-03-26T16:12:22","guid":{"rendered":"https:\/\/blumusic.cat\/proyectos\/"},"modified":"2025-04-23T10:46:34","modified_gmt":"2025-04-23T10:46:34","slug":"proyectos","status":"publish","type":"page","link":"https:\/\/blumusic.cat\/es\/proyectos\/","title":{"rendered":"Proyectos"},"content":{"rendered":"\n<div style=\"height:20px\" aria-hidden=\"true\" class=\"wp-block-spacer\"><\/div>\n\n<hr class=\"wp-block-separator alignwide has-alpha-channel-opacity is-style-wide gruixuda\"\/>\n\n<div class=\"wp-block-columns alignwide is-layout-flex wp-container-core-columns-is-layout-9d6595d7 wp-block-columns-is-layout-flex\">\n<div class=\"wp-block-column is-layout-flow wp-block-column-is-layout-flow\" style=\"flex-basis:25%\">\n<div class=\"wp-block-cover rodo\"><span aria-hidden=\"true\" class=\"wp-block-cover__background has-theme-primary-background-color has-background-dim-100 has-background-dim\"><\/span><div class=\"wp-block-cover__inner-container is-layout-constrained wp-block-cover-is-layout-constrained\">\n<h1 class=\"wp-block-heading has-text-align-center titol has-large-font-size\">Proyectos<\/h1>\n<\/div><\/div>\n<\/div>\n\n\n\n<div class=\"wp-block-column is-layout-flow wp-block-column-is-layout-flow\" style=\"flex-basis:75%\"><div class=\"wpv-view-output\" data-toolset-views-view-editor=\"997f2aae93c77782a1992011a9909a17\"><div class=\"wp-block-toolset-views-view-editor\"><div id=\"wpv-view-layout-557\" class=\"js-wpv-view-layout js-wpv-layout-responsive js-wpv-view-layout-557\" data-viewnumber=\"557\" data-pagination=\"{&quot;id&quot;:557,&quot;query&quot;:&quot;normal&quot;,&quot;type&quot;:&quot;disabled&quot;,&quot;effect&quot;:&quot;fade&quot;,&quot;duration&quot;:500,&quot;speed&quot;:5,&quot;pause_on_hover&quot;:&quot;enabled&quot;,&quot;stop_rollover&quot;:&quot;false&quot;,&quot;cache_pages&quot;:&quot;enabled&quot;,&quot;preload_images&quot;:&quot;enabled&quot;,&quot;preload_pages&quot;:&quot;enabled&quot;,&quot;preload_reach&quot;:1,&quot;spinner&quot;:&quot;builtin&quot;,&quot;spinner_image&quot;:&quot;https:\/\/blumusic.cat\/wp-content\/plugins\/toolset-blocks\/embedded\/res\/img\/ajax-loader.gif&quot;,&quot;callback_next&quot;:&quot;&quot;,&quot;manage_history&quot;:&quot;enabled&quot;,&quot;has_controls_in_form&quot;:&quot;disabled&quot;,&quot;infinite_tolerance&quot;:&quot;0&quot;,&quot;max_pages&quot;:0,&quot;page&quot;:1,&quot;base_permalink&quot;:&quot;\/es\/wp-json\/wp\/v2\/pages\/404?wpv_view_count=557&amp;wpv_paged=WPV_PAGE_NUM&quot;,&quot;loop&quot;:{&quot;type&quot;:&quot;&quot;,&quot;name&quot;:&quot;&quot;,&quot;data&quot;:[],&quot;id&quot;:0}}\" data-permalink=\"\/es\/wp-json\/wp\/v2\/pages\/404?wpv_view_count=557\">\n\n<div class=\"js-wpv-loop-wrapper\"><div class=\"tb-grid\"><div class=\"tb-grid-column\">\n\n<div class=\"wp-block-toolset-views-view-template-block wpv-block-loop-item php-to-be-replaced-with-shortcode\" data-toolset-views-view-template-block=\"40da6ce541b5cdb7a0a57dc920970981\">\n<figure class=\"wp-block-image tb-image tb-image-dynamic tb-image-frame-none\" data-toolset-blocks-image=\"f56b7c75dbbd68d2057052267f1776ff\"><a href=\"https:\/\/blumusic.cat\/es\/proyecto\/marc-miralta-flamenco-vibes\/\"><img decoding=\"async\" loading=\"lazy\" src=\"https:\/\/blumusic.cat\/wp-content\/uploads\/2025\/04\/MarcMiralta_FotoEstudi_BR_2-copia-370x370.webp\" alt=\"\" class=\"wp-image-514\"><\/a><\/figure>\n\n\n\n<div style=\"height:20px\" aria-hidden=\"true\" class=\"wp-block-spacer\"><\/div>\n\n\n\n<h2 class=\"tb-heading titol-projecte\" data-toolset-blocks-heading=\"89aa1169ee1df92b9608c32375fba18d\" data-last-update=\"1.4\"><a href=\"https:\/\/blumusic.cat\/es\/proyecto\/marc-miralta-flamenco-vibes\/\">Marc Miralta Flamenco Vibes<\/a><\/h2>\n\n\n\n<p class=\"tb-heading\" data-toolset-blocks-heading=\"7b2bc69e35fd657203acb4cc713b9107\" data-last-update=\"1.4\">Marc Miralta<\/p>\n<\/div>\n\n<\/div><div class=\"tb-grid-column\">\n\n<div class=\"wp-block-toolset-views-view-template-block wpv-block-loop-item php-to-be-replaced-with-shortcode\" data-toolset-views-view-template-block=\"40da6ce541b5cdb7a0a57dc920970981\">\n<figure class=\"wp-block-image tb-image tb-image-dynamic tb-image-frame-none\" data-toolset-blocks-image=\"f56b7c75dbbd68d2057052267f1776ff\"><a href=\"https:\/\/blumusic.cat\/es\/proyecto\/siempre-en-mi-corazon\/\"><img decoding=\"async\" loading=\"lazy\" src=\"https:\/\/blumusic.cat\/wp-content\/uploads\/2025\/04\/DRivera-Rivero-370x370.webp\" alt=\"\" class=\"wp-image-1068\"><\/a><\/figure>\n\n\n\n<div style=\"height:20px\" aria-hidden=\"true\" class=\"wp-block-spacer\"><\/div>\n\n\n\n<h2 class=\"tb-heading titol-projecte\" data-toolset-blocks-heading=\"89aa1169ee1df92b9608c32375fba18d\" data-last-update=\"1.4\"><a href=\"https:\/\/blumusic.cat\/es\/proyecto\/siempre-en-mi-corazon\/\">Siempre en mi coraz\u00f3n<\/a><\/h2>\n\n\n\n<p class=\"tb-heading\" data-toolset-blocks-heading=\"7b2bc69e35fd657203acb4cc713b9107\" data-last-update=\"1.4\">Pepe Rivero<\/p>\n<\/div>\n\n<\/div><div class=\"tb-grid-column\">\n\n<div class=\"wp-block-toolset-views-view-template-block wpv-block-loop-item php-to-be-replaced-with-shortcode\" data-toolset-views-view-template-block=\"40da6ce541b5cdb7a0a57dc920970981\">\n<figure class=\"wp-block-image tb-image tb-image-dynamic tb-image-frame-none\" data-toolset-blocks-image=\"f56b7c75dbbd68d2057052267f1776ff\"><a href=\"https:\/\/blumusic.cat\/es\/proyecto\/estampas-y-raices\/\"><img decoding=\"async\" loading=\"lazy\" src=\"https:\/\/blumusic.cat\/wp-content\/uploads\/2025\/04\/Pepe-Piano-y-Trova-V4_thumb1-1024x576-1-370x370.webp\" alt=\"\" class=\"wp-image-998\"><\/a><\/figure>\n\n\n\n<div style=\"height:20px\" aria-hidden=\"true\" class=\"wp-block-spacer\"><\/div>\n\n\n\n<h2 class=\"tb-heading titol-projecte\" data-toolset-blocks-heading=\"89aa1169ee1df92b9608c32375fba18d\" data-last-update=\"1.4\"><a href=\"https:\/\/blumusic.cat\/es\/proyecto\/estampas-y-raices\/\">Estampas y Ra\u00edces<\/a><\/h2>\n\n\n\n<p class=\"tb-heading\" data-toolset-blocks-heading=\"7b2bc69e35fd657203acb4cc713b9107\" data-last-update=\"1.4\">Pepe Rivero<\/p>\n<\/div>\n\n<\/div><div class=\"tb-grid-column\">\n\n<div class=\"wp-block-toolset-views-view-template-block wpv-block-loop-item php-to-be-replaced-with-shortcode\" data-toolset-views-view-template-block=\"40da6ce541b5cdb7a0a57dc920970981\">\n<figure class=\"wp-block-image tb-image tb-image-dynamic tb-image-frame-none\" data-toolset-blocks-image=\"f56b7c75dbbd68d2057052267f1776ff\"><a href=\"https:\/\/blumusic.cat\/es\/proyecto\/una-casa\/\"><img decoding=\"async\" loading=\"lazy\" src=\"https:\/\/blumusic.cat\/wp-content\/uploads\/2025\/05\/COVER-una-casa-ana-rossi-370x370.webp\" alt=\"\" class=\"wp-image-1370\"><\/a><\/figure>\n\n\n\n<div style=\"height:20px\" aria-hidden=\"true\" class=\"wp-block-spacer\"><\/div>\n\n\n\n<h2 class=\"tb-heading titol-projecte\" data-toolset-blocks-heading=\"89aa1169ee1df92b9608c32375fba18d\" data-last-update=\"1.4\"><a href=\"https:\/\/blumusic.cat\/es\/proyecto\/una-casa\/\">Una casa<\/a><\/h2>\n\n\n\n<p class=\"tb-heading\" data-toolset-blocks-heading=\"7b2bc69e35fd657203acb4cc713b9107\" data-last-update=\"1.4\">Ana Rossi<\/p>\n<\/div>\n\n<\/div><div class=\"tb-grid-column\">\n\n<div class=\"wp-block-toolset-views-view-template-block wpv-block-loop-item php-to-be-replaced-with-shortcode\" data-toolset-views-view-template-block=\"40da6ce541b5cdb7a0a57dc920970981\">\n<figure class=\"wp-block-image tb-image tb-image-dynamic tb-image-frame-none\" data-toolset-blocks-image=\"f56b7c75dbbd68d2057052267f1776ff\"><a href=\"https:\/\/blumusic.cat\/es\/proyecto\/estimar\/\"><img decoding=\"async\" loading=\"lazy\" src=\"https:\/\/blumusic.cat\/wp-content\/uploads\/2025\/05\/ac2f35a0-0ea5-49ac-941d-b09b0c2675d4-370x370.webp\" alt=\"\" class=\"wp-image-1247\"><\/a><\/figure>\n\n\n\n<div style=\"height:20px\" aria-hidden=\"true\" class=\"wp-block-spacer\"><\/div>\n\n\n\n<h2 class=\"tb-heading titol-projecte\" data-toolset-blocks-heading=\"89aa1169ee1df92b9608c32375fba18d\" data-last-update=\"1.4\"><a href=\"https:\/\/blumusic.cat\/es\/proyecto\/estimar\/\">Estimar<\/a><\/h2>\n\n\n\n<p class=\"tb-heading\" data-toolset-blocks-heading=\"7b2bc69e35fd657203acb4cc713b9107\" data-last-update=\"1.4\">Manel Camp<\/p>\n<\/div>\n\n<\/div><div class=\"tb-grid-column\">\n\n<div class=\"wp-block-toolset-views-view-template-block wpv-block-loop-item php-to-be-replaced-with-shortcode\" data-toolset-views-view-template-block=\"40da6ce541b5cdb7a0a57dc920970981\">\n<figure class=\"wp-block-image tb-image tb-image-dynamic tb-image-frame-none\" data-toolset-blocks-image=\"f56b7c75dbbd68d2057052267f1776ff\"><a href=\"https:\/\/blumusic.cat\/es\/proyecto\/pepe-rivero-girona-jazz-project-big-band\/\"><img decoding=\"async\" loading=\"lazy\" src=\"https:\/\/blumusic.cat\/wp-content\/uploads\/2025\/05\/GJPBB-Oficial-370x370.webp\" alt=\"\" class=\"wp-image-1328\"><\/a><\/figure>\n\n\n\n<div style=\"height:20px\" aria-hidden=\"true\" class=\"wp-block-spacer\"><\/div>\n\n\n\n<h2 class=\"tb-heading titol-projecte\" data-toolset-blocks-heading=\"89aa1169ee1df92b9608c32375fba18d\" data-last-update=\"1.4\"><a href=\"https:\/\/blumusic.cat\/es\/proyecto\/pepe-rivero-girona-jazz-project-big-band\/\">Pepe Rivero &amp; Girona Jazz Project Big Band<\/a><\/h2>\n\n\n\n<p class=\"tb-heading\" data-toolset-blocks-heading=\"7b2bc69e35fd657203acb4cc713b9107\" data-last-update=\"1.4\">Pepe Rivero<\/p>\n<\/div>\n\n<\/div><div class=\"tb-grid-column\">\n\n<div class=\"wp-block-toolset-views-view-template-block wpv-block-loop-item php-to-be-replaced-with-shortcode\" data-toolset-views-view-template-block=\"40da6ce541b5cdb7a0a57dc920970981\">\n<figure class=\"wp-block-image tb-image tb-image-dynamic tb-image-frame-none\" data-toolset-blocks-image=\"f56b7c75dbbd68d2057052267f1776ff\"><a href=\"https:\/\/blumusic.cat\/es\/proyecto\/seven-letters\/\"><img decoding=\"async\" loading=\"lazy\" src=\"https:\/\/blumusic.cat\/wp-content\/uploads\/2026\/04\/Viktorija-Pilatovik-3-copia-370x370.webp\" alt=\"\" class=\"wp-image-1595\"><\/a><\/figure>\n\n\n\n<div style=\"height:20px\" aria-hidden=\"true\" class=\"wp-block-spacer\"><\/div>\n\n\n\n<h2 class=\"tb-heading titol-projecte\" data-toolset-blocks-heading=\"89aa1169ee1df92b9608c32375fba18d\" data-last-update=\"1.4\"><a href=\"https:\/\/blumusic.cat\/es\/proyecto\/seven-letters\/\">Seven Letters<\/a><\/h2>\n\n\n\n<p class=\"tb-heading\" data-toolset-blocks-heading=\"7b2bc69e35fd657203acb4cc713b9107\" data-last-update=\"1.4\">Viktorija Pilatovic<\/p>\n<\/div>\n\n<\/div><\/div><\/div>\n<\/div><\/div>\n\n<\/div><\/div>\n<\/div>\n\n<hr class=\"wp-block-separator alignwide has-alpha-channel-opacity is-style-wide fina\"\/>\n\n<div style=\"height:50px\" aria-hidden=\"true\" class=\"wp-block-spacer\"><\/div>\n\n<div class=\"wp-block-ps2id-block-target\" id=\"link\"><\/div>\n\n<h2 class=\"wp-block-heading has-text-align-center titol-contactar\">Contactar<\/h2>\n\n<p class=\"has-text-align-center blau\">Puedes contactar con Blumusic por tel\u00e9fono o v\u00eda email en:<\/p>\n\n<h3 class=\"wp-block-heading has-text-align-center\">Fede Serrat<\/h3>\n\n<div class=\"wp-block-buttons is-content-justification-center is-layout-flex wp-container-core-buttons-is-layout-16018d1d wp-block-buttons-is-layout-flex\">\n<div class=\"wp-block-button cta tel\"><a class=\"wp-block-button__link wp-element-button\">+34 646 922 582<\/a><\/div>\n\n\n\n<div class=\"wp-block-button cta mail\"><a class=\"wp-block-button__link wp-element-button\" href=\"mailto:info@blumusic.es\">info@blumusic.es<\/a><\/div>\n<\/div>\n\n<div style=\"height:30px\" aria-hidden=\"true\" class=\"wp-block-spacer\"><\/div>\n\n<p class=\"has-text-align-center text-logos\">Cuando se ponga en contacto con <strong>BluMusic<\/strong>, utilizaremos su correo electr\u00f3nico o tel\u00e9fono para mantener el contacto profesional, en base al inter\u00e9s leg\u00edtimo. Ante cualquier duda, consulta la <a href=\"https:\/\/blumusic.cat\/es\/politica-de-privacidad\/\" data-type=\"page\" data-id=\"3\">Pol\u00edtica de Privacidad.<\/a> <\/p>\n\n<div style=\"height:60px\" aria-hidden=\"true\" class=\"wp-block-spacer\"><\/div>\n\n<hr class=\"wp-block-separator alignwide has-alpha-channel-opacity fina is-style-wide\"\/>\n\n<div class=\"wp-block-columns alignwide columna-no-marges is-layout-flex wp-container-core-columns-is-layout-9d6595d7 wp-block-columns-is-layout-flex\">\n<div class=\"wp-block-column is-layout-flow wp-block-column-is-layout-flow\" style=\"flex-basis:20%\">\n<p class=\"text-logos\">S\u00edguenos en:<\/p><a href=\"https:\/\/www.linkedin.com\/in\/blumusicprod\/\" class=\"xxss\" target=\"_blank\"><i class=\"fa-brands fa-linkedin\"><\/i><\/a> <a href=\"https:\/\/www.instagram.com\/blumusicproduccions\/\" class=\"xxss\" target=\"_blank\"><i class=\"fa-brands fa-instagram\"><\/i><\/a>  <a href=\"https:\/\/www.youtube.com\/@blumusicproduccions5292\" class=\"xxss\" target=\"_blank\"><i class=\"fa-brands fa-youtube\"><\/i><\/a>\n<\/div>\n\n\n\n<div class=\"wp-block-column is-layout-flow wp-block-column-is-layout-flow\" style=\"flex-basis:40%\"><\/div>\n\n\n\n<div class=\"wp-block-column is-layout-flow wp-block-column-is-layout-flow\" style=\"flex-basis:40%\">\n<p class=\"text-logos\">Con el soporte:<\/p>\n\n\n\n<figure class=\"wp-block-image size-full is-resized wp-duotone-rgb107120140-ccc-1\"><img loading=\"lazy\" decoding=\"async\" width=\"1403\" height=\"100\" src=\"https:\/\/blumusic.cat\/wp-content\/uploads\/2025\/04\/logos_inst.webp\" alt=\"\" class=\"wp-image-312\" style=\"width:519px;height:auto\" srcset=\"https:\/\/blumusic.cat\/wp-content\/uploads\/2025\/04\/logos_inst.webp 1403w, https:\/\/blumusic.cat\/wp-content\/uploads\/2025\/04\/logos_inst-300x21.webp 300w, https:\/\/blumusic.cat\/wp-content\/uploads\/2025\/04\/logos_inst-1024x73.webp 1024w, https:\/\/blumusic.cat\/wp-content\/uploads\/2025\/04\/logos_inst-768x55.webp 768w\" sizes=\"auto, (max-width: 1403px) 100vw, 1403px\" \/><\/figure>\n<\/div>\n<\/div>\n\n<hr class=\"wp-block-separator alignwide has-alpha-channel-opacity is-style-wide\"\/>\n\n<div style=\"height:30px\" aria-hidden=\"true\" class=\"wp-block-spacer\"><\/div>\n\n<figure class=\"wp-block-image alignwide size-full\"><img loading=\"lazy\" decoding=\"async\" width=\"1024\" height=\"95\" src=\"https:\/\/blumusic.cat\/wp-content\/uploads\/2025\/06\/CONBANDERA_KITDIGITAL-1024x95-1.png\" alt=\"\" class=\"wp-image-1407\" srcset=\"https:\/\/blumusic.cat\/wp-content\/uploads\/2025\/06\/CONBANDERA_KITDIGITAL-1024x95-1.png 1024w, https:\/\/blumusic.cat\/wp-content\/uploads\/2025\/06\/CONBANDERA_KITDIGITAL-1024x95-1-300x28.png 300w, https:\/\/blumusic.cat\/wp-content\/uploads\/2025\/06\/CONBANDERA_KITDIGITAL-1024x95-1-768x71.png 768w\" sizes=\"auto, (max-width: 1024px) 100vw, 1024px\" \/><\/figure>\n","protected":false},"excerpt":{"rendered":"","protected":false},"author":1,"featured_media":0,"parent":0,"menu_order":0,"comment_status":"closed","ping_status":"closed","template":"","meta":{"_genesis_hide_title":true,"_genesis_hide_breadcrumbs":false,"_genesis_hide_singular_image":false,"_genesis_hide_footer_widgets":false,"_genesis_custom_body_class":"","_genesis_custom_post_class":"","_genesis_layout":"","footnotes":""},"class_list":{"0":"post-404","1":"page","2":"type-page","3":"status-publish","5":"entry"},"_links":{"self":[{"href":"https:\/\/blumusic.cat\/es\/wp-json\/wp\/v2\/pages\/404","targetHints":{"allow":["GET"]}}],"collection":[{"href":"https:\/\/blumusic.cat\/es\/wp-json\/wp\/v2\/pages"}],"about":[{"href":"https:\/\/blumusic.cat\/es\/wp-json\/wp\/v2\/types\/page"}],"author":[{"embeddable":true,"href":"https:\/\/blumusic.cat\/es\/wp-json\/wp\/v2\/users\/1"}],"replies":[{"embeddable":true,"href":"https:\/\/blumusic.cat\/es\/wp-json\/wp\/v2\/comments?post=404"}],"version-history":[{"count":18,"href":"https:\/\/blumusic.cat\/es\/wp-json\/wp\/v2\/pages\/404\/revisions"}],"predecessor-version":[{"id":1174,"href":"https:\/\/blumusic.cat\/es\/wp-json\/wp\/v2\/pages\/404\/revisions\/1174"}],"wp:attachment":[{"href":"https:\/\/blumusic.cat\/es\/wp-json\/wp\/v2\/media?parent=404"}],"curies":[{"name":"wp","href":"https:\/\/api.w.org\/{rel}","templated":true}]}}