{"id":416,"date":"2025-03-26T16:11:42","date_gmt":"2025-03-26T16:11:42","guid":{"rendered":"https:\/\/blumusic.cat\/sobre-blumusic\/"},"modified":"2025-04-23T10:42:39","modified_gmt":"2025-04-23T10:42:39","slug":"sobre-blumusic","status":"publish","type":"page","link":"https:\/\/blumusic.cat\/es\/sobre-blumusic\/","title":{"rendered":"Sobre Blumusic"},"content":{"rendered":"\n<div style=\"height:20px\" aria-hidden=\"true\" class=\"wp-block-spacer\"><\/div>\n\n<hr class=\"wp-block-separator alignwide has-alpha-channel-opacity is-style-wide gruixuda\"\/>\n\n<div class=\"wp-block-columns alignwide is-layout-flex wp-container-core-columns-is-layout-9d6595d7 wp-block-columns-is-layout-flex\">\n<div class=\"wp-block-column is-layout-flow wp-block-column-is-layout-flow\" style=\"flex-basis:25%\">\n<div class=\"wp-block-cover rodo\"><span aria-hidden=\"true\" class=\"wp-block-cover__background has-theme-primary-background-color has-background-dim-100 has-background-dim\"><\/span><div class=\"wp-block-cover__inner-container is-layout-constrained wp-block-cover-is-layout-constrained\">\n<h1 class=\"wp-block-heading has-text-align-left titol has-large-font-size\">Sobre<br\/> Blumusic<\/h1>\n<\/div><\/div>\n<\/div>\n\n\n\n<div class=\"wp-block-column is-layout-flow wp-block-column-is-layout-flow\" style=\"flex-basis:75%\"><div class=\"wpv-view-output\" data-toolset-views-view-editor=\"d2b5850540e989d6cd2d67ba9c1ba0be\"><div class=\"wp-block-toolset-views-view-editor\"><div id=\"wpv-view-layout-192\" class=\"js-wpv-view-layout js-wpv-layout-responsive js-wpv-view-layout-192\" data-viewnumber=\"192\" data-pagination=\"{&quot;id&quot;:192,&quot;query&quot;:&quot;normal&quot;,&quot;type&quot;:&quot;disabled&quot;,&quot;effect&quot;:&quot;fade&quot;,&quot;duration&quot;:500,&quot;speed&quot;:5,&quot;pause_on_hover&quot;:&quot;enabled&quot;,&quot;stop_rollover&quot;:&quot;false&quot;,&quot;cache_pages&quot;:&quot;enabled&quot;,&quot;preload_images&quot;:&quot;enabled&quot;,&quot;preload_pages&quot;:&quot;enabled&quot;,&quot;preload_reach&quot;:1,&quot;spinner&quot;:&quot;builtin&quot;,&quot;spinner_image&quot;:&quot;https:\/\/blumusic.cat\/wp-content\/plugins\/toolset-blocks\/embedded\/res\/img\/ajax-loader.gif&quot;,&quot;callback_next&quot;:&quot;&quot;,&quot;manage_history&quot;:&quot;enabled&quot;,&quot;has_controls_in_form&quot;:&quot;disabled&quot;,&quot;infinite_tolerance&quot;:&quot;0&quot;,&quot;max_pages&quot;:0,&quot;page&quot;:1,&quot;base_permalink&quot;:&quot;\/es\/wp-json\/wp\/v2\/pages\/416?wpv_view_count=192&amp;wpv_paged=WPV_PAGE_NUM&quot;,&quot;loop&quot;:{&quot;type&quot;:&quot;&quot;,&quot;name&quot;:&quot;&quot;,&quot;data&quot;:[],&quot;id&quot;:0}}\" data-permalink=\"\/es\/wp-json\/wp\/v2\/pages\/416?wpv_view_count=192\">\n\n<div class=\"js-wpv-loop-wrapper\"><div class=\"tb-grid\"><div class=\"tb-grid-column\">\n\n<div class=\"wp-block-toolset-views-view-template-block wpv-block-loop-item php-to-be-replaced-with-shortcode\" data-toolset-views-view-template-block=\"1ce1709726c58052de28ac955ecf6901\">\n<div class=\"tb-field\" data-toolset-blocks-field=\"2760447c734857f5562af3c17b023635\" data-last-update=\"1.4\"><p class=\"p1\">Somos pasi\u00f3n y compromiso con la m\u00fasica improvisada.<b> <\/b>Conectamos talento y emoci\u00f3n a trav\u00e9s del jazz, la m\u00fasica cl\u00e1sica y las m\u00fasicas del mundo.<\/p>\n<\/div>\n\n\n\n<div class=\"wp-block-columns is-layout-flex wp-container-core-columns-is-layout-9d6595d7 wp-block-columns-is-layout-flex\">\n<div class=\"wp-block-column is-layout-flow wp-block-column-is-layout-flow\">\n\n<\/div>\n\n\n\n<div class=\"wp-block-column is-layout-flow wp-block-column-is-layout-flow\">\n\n<\/div>\n<\/div>\n\n\n\n<div class=\"tb-field\" data-toolset-blocks-field=\"70e4f19fb8abbb92a38283843afec52f\" data-last-update=\"1.4\"><p class=\"p1\">BluMusic es una agencia de booking y management, el puente invisible entre el talento y el escenario, entre la creatividad de los artistas y la emoci\u00f3n del p\u00fablico. Desde nuestro nacimiento en 2016, nos hemos especializado en la gesti\u00f3n de artistas de m\u00fasica improvisada, ya sea jazz, m\u00fasica cl\u00e1sica o m\u00fasicas del mundo, con un \u00fanico motor: la pasi\u00f3n. <\/p>\n<p class=\"p1\">Entendemos la m\u00fasica desde dentro, porque la vivimos con la misma intensidad que quienes la crean. Sabemos c\u00f3mo siente un artista, c\u00f3mo piensa y c\u00f3mo transforma emociones en sonidos. Por ello, trabajamos codo a codo con m\u00fasicos, programadoras y programadores, siempre con un objetivo claro: hacer llegar su magia al p\u00fablico.  <\/p>\n<p class=\"p1\">En BluMusic, cada proyecto que representamos se basa en dos pilares incuestionables: la excelencia art\u00edstica y el respeto absoluto por la m\u00fasica y por sus creadores, aquellos que la hacen posible. Creemos en la m\u00fasica como una experiencia transformadora, una fuente de bienestar emocional y de alegr\u00eda. Porque, al fin y al cabo, la m\u00fasica no es solo un arte: es un camino hacia la felicidad.  <\/p>\n<\/div>\n<\/div>\n\n<\/div><\/div><\/div>\n<\/div><\/div>\n\n<\/div><\/div>\n<\/div>\n\n<h2 class=\"wp-block-heading alignwide titol-blanc\">Festivales<\/h2>\n\n<div class=\"wp-block-columns alignwide is-layout-flex wp-container-core-columns-is-layout-9d6595d7 wp-block-columns-is-layout-flex\">\n<div class=\"wp-block-column is-layout-flow wp-block-column-is-layout-flow\" style=\"flex-basis:25%\"><\/div>\n\n\n\n<div class=\"wp-block-column is-layout-flow wp-block-column-is-layout-flow\" style=\"flex-basis:75%\"><div class=\"wpv-view-output\" data-toolset-views-view-editor=\"317ae789659c1ce31288cc58a1577407\"><div class=\"wp-block-toolset-views-view-editor\"><div id=\"wpv-view-layout-391\" class=\"js-wpv-view-layout js-wpv-layout-responsive js-wpv-view-layout-391\" data-viewnumber=\"391\" data-pagination=\"{&quot;id&quot;:391,&quot;query&quot;:&quot;normal&quot;,&quot;type&quot;:&quot;disabled&quot;,&quot;effect&quot;:&quot;fade&quot;,&quot;duration&quot;:500,&quot;speed&quot;:5,&quot;pause_on_hover&quot;:&quot;enabled&quot;,&quot;stop_rollover&quot;:&quot;false&quot;,&quot;cache_pages&quot;:&quot;enabled&quot;,&quot;preload_images&quot;:&quot;enabled&quot;,&quot;preload_pages&quot;:&quot;enabled&quot;,&quot;preload_reach&quot;:1,&quot;spinner&quot;:&quot;builtin&quot;,&quot;spinner_image&quot;:&quot;https:\/\/blumusic.cat\/wp-content\/plugins\/toolset-blocks\/embedded\/res\/img\/ajax-loader.gif&quot;,&quot;callback_next&quot;:&quot;&quot;,&quot;manage_history&quot;:&quot;enabled&quot;,&quot;has_controls_in_form&quot;:&quot;disabled&quot;,&quot;infinite_tolerance&quot;:&quot;0&quot;,&quot;max_pages&quot;:0,&quot;page&quot;:1,&quot;base_permalink&quot;:&quot;\/es\/wp-json\/wp\/v2\/pages\/416?wpv_view_count=391&amp;wpv_paged=WPV_PAGE_NUM&quot;,&quot;loop&quot;:{&quot;type&quot;:&quot;&quot;,&quot;name&quot;:&quot;&quot;,&quot;data&quot;:[],&quot;id&quot;:0}}\" data-permalink=\"\/es\/wp-json\/wp\/v2\/pages\/416?wpv_view_count=391\">\n\n<div class=\"js-wpv-loop-wrapper\"><div class=\"tb-grid\"><div class=\"tb-grid-column\">\n\n<div class=\"wp-block-toolset-views-view-template-block wpv-block-loop-item php-to-be-replaced-with-shortcode\" data-toolset-views-view-template-block=\"7d1b6872937f4c4e2010edcda9ab9686\">\n<div class=\"tb-field\" data-toolset-blocks-field=\"6b817154e9f9f1812fefa0929d82a64c\" data-last-update=\"1.4\"><p class=\"p1\">Olot Cultura, Jazz Olot, Festival de Jazz de Barcelona, L&#8217;Auditori de Barcelona, Festival de Jazz de Madrid, <strong>Festival de Jazz de Vitoria<\/strong>, Festival de Jazz de Val\u00e8ncia, Festival de Jazz de C\u00e1diz, Festival de Jazz de Canarias, Festival de Jazz d&#8217;Eivissa, Consell Insular de Formentera, Auditori de Girona, Auditori de Vila-seca, Cicle de Jazz de l\u2019Ametlla del Vall\u00e8s, <strong>Festival de Jazz de Granollers<\/strong>, Jazz Vila-real, Festival de Jazz de Palafrugell-Costa Brava, Festival de Jazz l&#8217;Estartit, Ajuntament de Vilafranca del Pened\u00e8s, Festival Llegendes, Ajuntament de Castellar del Vall\u00e8s, Escena Vilanova, Alternatilla Jazz Festival, Festival de Jazz i Blues de Cerdanyola, Festival Internacional de Cambrils, Temporada-El Vendrell, Festival Terrer Priorat, Marenostrum Fuengirola, <strong>Festival Internacional de Jazz de Barbastro<\/strong>, Festival Salamanca Jazz, Festival Das Artes-Coimbra, Festival de Jazz de Mazarr\u00f3n-Mares de Papel, Jazz en la Colina, Dum-Dum Jazz, Jazz Tardor, Potries Music Fest, Festival de Jazz de San Roque, M\u00fasica a la Luna-Melilla, Galapajazz, AlcalaJazz, UniversiJazz Valladolid, Fundaci\u00f3n Caja Burgos, <strong>Bimhuis (Amsterdam)<\/strong>, LantarenVenster (Rotterdam), Paradox (Tilburg), TivoliBredenburg (Utrech), Opus Jazz Club (Budapest), Jazz Club Unterfahrt (Munich), Gobierno de M\u00e9xico-Cultura, <strong>Circuito Argentino de Jazz<\/strong>, Escena M\u00f3stoles, 21Distritos, Rizoma, Estarrejazz, Teatre Principal de Ma\u00f3, RTVE, Palau de la M\u00fasica de Val\u00e8ncia, Montijazz, Masquefa Sona B\u00e9, Teatre Conservatori de Manresa     <\/p>\n<\/div>\n<\/div>\n\n<\/div><\/div><\/div>\n<\/div><\/div>\n\n<\/div>\n\n\n<hr class=\"wp-block-separator alignwide has-alpha-channel-opacity is-style-wide fina\"\/>\n<\/div>\n<\/div>\n\n<div style=\"height:25px\" aria-hidden=\"true\" class=\"wp-block-spacer\"><\/div>\n\n<div class=\"wp-block-columns alignwide has-theme-primary-background-color has-background is-layout-flex wp-container-core-columns-is-layout-9d6595d7 wp-block-columns-is-layout-flex\">\n<div class=\"wp-block-column is-layout-flow wp-block-column-is-layout-flow\">\n<h2 class=\"wp-block-heading titol-fons-blau\">Clientes<\/h2>\n\n\n\n<div style=\"height:20px\" aria-hidden=\"true\" class=\"wp-block-spacer\"><\/div>\n\n\n\n<div class=\"wp-block-toolset-blocks-grid tb-grid\" data-toolset-blocks-grid=\"a9a9bf3a24cb7c0c80a7ed57c9fcf186\">\n<div class=\"wp-block-toolset-blocks-grid-column tb-grid-column tb-grid-align-top\" data-toolset-blocks-grid-column=\"3034fbe886c11054e95b46b09d3e4112\"><div class=\"wp-block-image\">\n<figure class=\"alignleft size-full is-resized\"><img loading=\"lazy\" decoding=\"async\" width=\"373\" height=\"100\" src=\"https:\/\/blumusic.cat\/wp-content\/uploads\/2025\/04\/LAuditoriGROC_logo.webp\" alt=\"\" class=\"wp-image-349\" style=\"width:120px\" srcset=\"https:\/\/blumusic.cat\/wp-content\/uploads\/2025\/04\/LAuditoriGROC_logo.webp 373w, https:\/\/blumusic.cat\/wp-content\/uploads\/2025\/04\/LAuditoriGROC_logo-300x80.webp 300w\" sizes=\"auto, (max-width: 373px) 100vw, 373px\" \/><\/figure>\n<\/div><\/div>\n\n\n\n<div class=\"wp-block-toolset-blocks-grid-column tb-grid-column tb-grid-align-top\" data-toolset-blocks-grid-column=\"3034fbe886c11054e95b46b09d3e4112\"><div class=\"wp-block-image\">\n<figure class=\"alignleft size-full is-resized\"><img loading=\"lazy\" decoding=\"async\" width=\"152\" height=\"100\" src=\"https:\/\/blumusic.cat\/wp-content\/uploads\/2025\/04\/57_jazz_logo_prov.webp\" alt=\"\" class=\"wp-image-343\" style=\"width:120px\" srcset=\"https:\/\/blumusic.cat\/wp-content\/uploads\/2025\/04\/57_jazz_logo_prov.webp 152w, https:\/\/blumusic.cat\/wp-content\/uploads\/2025\/04\/57_jazz_logo_prov-150x100.webp 150w\" sizes=\"auto, (max-width: 152px) 100vw, 152px\" \/><\/figure>\n<\/div><\/div>\n\n\n\n<div class=\"wp-block-toolset-blocks-grid-column tb-grid-column tb-grid-align-top\" data-toolset-blocks-grid-column=\"3034fbe886c11054e95b46b09d3e4112\"><div class=\"wp-block-image\">\n<figure class=\"alignleft size-full is-resized\"><img loading=\"lazy\" decoding=\"async\" width=\"107\" height=\"100\" src=\"https:\/\/blumusic.cat\/wp-content\/uploads\/2025\/04\/logojazzMad.webp\" alt=\"\" class=\"wp-image-346\" style=\"width:100px\"\/><\/figure>\n<\/div><\/div>\n\n\n\n<div class=\"wp-block-toolset-blocks-grid-column tb-grid-column tb-grid-align-top\" data-toolset-blocks-grid-column=\"3034fbe886c11054e95b46b09d3e4112\">\n<figure class=\"wp-block-image size-full is-resized\"><img loading=\"lazy\" decoding=\"async\" width=\"451\" height=\"100\" src=\"https:\/\/blumusic.cat\/wp-content\/uploads\/2025\/04\/olot-cultura.webp\" alt=\"\" class=\"wp-image-356\" style=\"width:160px\" srcset=\"https:\/\/blumusic.cat\/wp-content\/uploads\/2025\/04\/olot-cultura.webp 451w, https:\/\/blumusic.cat\/wp-content\/uploads\/2025\/04\/olot-cultura-300x67.webp 300w\" sizes=\"auto, (max-width: 451px) 100vw, 451px\" \/><\/figure>\n<\/div>\n<\/div>\n\n\n\n<div style=\"height:20px\" aria-hidden=\"true\" class=\"wp-block-spacer\"><\/div>\n\n\n\n<div class=\"wp-block-toolset-blocks-grid tb-grid\" data-toolset-blocks-grid=\"777b71e3cb43620f05aa45d4e569ac91\">\n<div class=\"wp-block-toolset-blocks-grid-column tb-grid-column tb-grid-align-top\" data-toolset-blocks-grid-column=\"3034fbe886c11054e95b46b09d3e4112\"><div class=\"wp-block-image\">\n<figure class=\"alignleft size-full is-resized\"><img loading=\"lazy\" decoding=\"async\" width=\"187\" height=\"100\" src=\"https:\/\/blumusic.cat\/wp-content\/uploads\/2025\/06\/Festival-de-Jazz-de-Vitoria-Gasteiz.webp\" alt=\"\" class=\"wp-image-1467\" style=\"width:120px\"\/><\/figure>\n<\/div><\/div>\n\n\n\n<div class=\"wp-block-toolset-blocks-grid-column tb-grid-column tb-grid-align-top\" data-toolset-blocks-grid-column=\"3034fbe886c11054e95b46b09d3e4112\"><div class=\"wp-block-image\">\n<figure class=\"alignleft size-full is-resized\"><img loading=\"lazy\" decoding=\"async\" width=\"252\" height=\"100\" src=\"https:\/\/blumusic.cat\/wp-content\/uploads\/2025\/06\/auditoridegirona.webp\" alt=\"\" class=\"wp-image-1464\" style=\"width:120px\"\/><\/figure>\n<\/div><\/div>\n\n\n\n<div class=\"wp-block-toolset-blocks-grid-column tb-grid-column tb-grid-align-top\" data-toolset-blocks-grid-column=\"3034fbe886c11054e95b46b09d3e4112\"><div class=\"wp-block-image\">\n<figure class=\"alignleft size-full is-resized\"><img loading=\"lazy\" decoding=\"async\" width=\"188\" height=\"100\" src=\"https:\/\/blumusic.cat\/wp-content\/uploads\/2025\/06\/auditorivilaseca_.webp\" alt=\"\" class=\"wp-image-1479\" style=\"width:130px\"\/><\/figure>\n<\/div><\/div>\n\n\n\n<div class=\"wp-block-toolset-blocks-grid-column tb-grid-column tb-grid-align-top\" data-toolset-blocks-grid-column=\"3034fbe886c11054e95b46b09d3e4112\">\n<figure class=\"wp-block-image size-full is-resized\"><img loading=\"lazy\" decoding=\"async\" width=\"362\" height=\"100\" src=\"https:\/\/blumusic.cat\/wp-content\/uploads\/2025\/06\/bimhuis.webp\" alt=\"\" class=\"wp-image-1458\" style=\"width:150px\" srcset=\"https:\/\/blumusic.cat\/wp-content\/uploads\/2025\/06\/bimhuis.webp 362w, https:\/\/blumusic.cat\/wp-content\/uploads\/2025\/06\/bimhuis-300x83.webp 300w\" sizes=\"auto, (max-width: 362px) 100vw, 362px\" \/><\/figure>\n<\/div>\n\n\n\n<div class=\"wp-block-toolset-blocks-grid-column tb-grid-column tb-grid-align-top\" data-toolset-blocks-grid-column=\"e863d66eac949908a5c6c8d2fd31320c\">\n<figure class=\"wp-block-image size-full is-resized\"><img loading=\"lazy\" decoding=\"async\" width=\"114\" height=\"100\" src=\"https:\/\/blumusic.cat\/wp-content\/uploads\/2025\/06\/opusjazzbudapest.webp\" alt=\"\" class=\"wp-image-1455\" style=\"width:120px\"\/><\/figure>\n<\/div>\n\n\n\n<div class=\"wp-block-toolset-blocks-grid-column tb-grid-column tb-grid-align-top\" data-toolset-blocks-grid-column=\"e863d66eac949908a5c6c8d2fd31320c\"><\/div>\n\n\n\n<div class=\"wp-block-toolset-blocks-grid-column tb-grid-column tb-grid-align-top\" data-toolset-blocks-grid-column=\"e863d66eac949908a5c6c8d2fd31320c\"><\/div>\n\n\n\n<div class=\"wp-block-toolset-blocks-grid-column tb-grid-column tb-grid-align-top\" data-toolset-blocks-grid-column=\"e863d66eac949908a5c6c8d2fd31320c\"><\/div>\n\n\n\n<div class=\"wp-block-toolset-blocks-grid-column tb-grid-column tb-grid-align-top\" data-toolset-blocks-grid-column=\"e863d66eac949908a5c6c8d2fd31320c\"><\/div>\n\n\n\n<div class=\"wp-block-toolset-blocks-grid-column tb-grid-column tb-grid-align-top\" data-toolset-blocks-grid-column=\"e863d66eac949908a5c6c8d2fd31320c\"><\/div>\n<\/div>\n<\/div>\n<\/div>\n\n<div style=\"height:25px\" aria-hidden=\"true\" class=\"wp-block-spacer\"><\/div>\n\n<h2 class=\"wp-block-heading alignwide titol-blanc\">Bio<\/h2>\n\n<div class=\"wp-block-columns alignwide is-layout-flex wp-container-core-columns-is-layout-9d6595d7 wp-block-columns-is-layout-flex\">\n<div class=\"wp-block-column is-layout-flow wp-block-column-is-layout-flow\" style=\"flex-basis:25%\"><\/div>\n\n\n\n<div class=\"wp-block-column is-layout-flow wp-block-column-is-layout-flow\" style=\"flex-basis:75%\"><div class=\"wpv-view-output\" data-toolset-views-view-editor=\"205d688e5d3cc08bda7684aba4c8e5fb\"><div class=\"wp-block-toolset-views-view-editor\"><div id=\"wpv-view-layout-198\" class=\"js-wpv-view-layout js-wpv-layout-responsive js-wpv-view-layout-198\" data-viewnumber=\"198\" data-pagination=\"{&quot;id&quot;:198,&quot;query&quot;:&quot;normal&quot;,&quot;type&quot;:&quot;disabled&quot;,&quot;effect&quot;:&quot;fade&quot;,&quot;duration&quot;:500,&quot;speed&quot;:5,&quot;pause_on_hover&quot;:&quot;enabled&quot;,&quot;stop_rollover&quot;:&quot;false&quot;,&quot;cache_pages&quot;:&quot;enabled&quot;,&quot;preload_images&quot;:&quot;enabled&quot;,&quot;preload_pages&quot;:&quot;enabled&quot;,&quot;preload_reach&quot;:1,&quot;spinner&quot;:&quot;builtin&quot;,&quot;spinner_image&quot;:&quot;https:\/\/blumusic.cat\/wp-content\/plugins\/toolset-blocks\/embedded\/res\/img\/ajax-loader.gif&quot;,&quot;callback_next&quot;:&quot;&quot;,&quot;manage_history&quot;:&quot;enabled&quot;,&quot;has_controls_in_form&quot;:&quot;disabled&quot;,&quot;infinite_tolerance&quot;:&quot;0&quot;,&quot;max_pages&quot;:0,&quot;page&quot;:1,&quot;base_permalink&quot;:&quot;\/es\/wp-json\/wp\/v2\/pages\/416?wpv_view_count=198&amp;wpv_paged=WPV_PAGE_NUM&quot;,&quot;loop&quot;:{&quot;type&quot;:&quot;&quot;,&quot;name&quot;:&quot;&quot;,&quot;data&quot;:[],&quot;id&quot;:0}}\" data-permalink=\"\/es\/wp-json\/wp\/v2\/pages\/416?wpv_view_count=198\">\n\n<div class=\"js-wpv-loop-wrapper\"><div class=\"tb-grid\"><div class=\"tb-grid-column\">\n\n<div class=\"wp-block-toolset-views-view-template-block wpv-block-loop-item php-to-be-replaced-with-shortcode\" data-toolset-views-view-template-block=\"ca251ece509fa15eb7ace770fcb3f764\">\n<div class=\"tb-field\" data-toolset-blocks-field=\"2c0c127c24b045560951d7c9b5b9a023\" data-last-update=\"1.4\"><p class=\"p1\">En sus inicios, la agencia se centra en las m\u00fasicas pop trabajando con el grupo emergente <strong>La Folie, Premio Enderrock 2018<\/strong>. Sin embargo, la experiencia de m\u00e1s de treinta a\u00f1os en la m\u00fasica cl\u00e1sica y contempor\u00e1nea empuja hacia la <strong>especializaci\u00f3n en las m\u00fasicas improvisadas<\/strong>. As\u00ed es como en 2018 BluMusic comienza a trabajar con <strong>Marc Miralta<\/strong>, con quien gestionamos sus diferentes proyectos, centr\u00e1ndonos primero en el m\u00edtico Flamenco Reunion y, posteriormente, con el grupo CMS (Colina, Miralta, Sambeat). La pandemia supone un gran reto y, aun as\u00ed, la agencia logra organizar una treintena de conciertos entre 2021 y 2022, incluyendo actuaciones en Portugal.   <\/p>\n<p class=\"p1\">En 2021, Blumusic inicia la gesti\u00f3n de la cantante <strong>\u00c1ngela Cervante<\/strong>s, quien trabaja en un disco con clara vocaci\u00f3n internacional. A finales de 2021, <strong>Manel Forti\u00e0<\/strong> contacta con Blumusic para promocionar sus proyectos, tambi\u00e9n con la voluntad de llegar a todas partes. De esta manera, el concierto de Lib\u00e9rica en Jazz I Am 2023 se convierte en un gran \u00e9xito, generando un gran inter\u00e9s por parte de programadores nacionales e internacionales y permitiendo cerrar una gira de conciertos excelente. A finales de 2022 comenzamos a trabajar juntos con <strong>Pepe Rivero <\/strong>y, as\u00ed, poco a poco, vamos definiendo un roster equilibrado y potente.   <\/p>\n<p class=\"p1\">Nuestra presencia en las ferias m\u00e1s destacadas del sector, a nivel nacional e internacional, nos permite ir estableciendo <strong>una red de contactos s\u00f3lida y tejiendo relaciones, muchas ya bien consolidadas con programadoras y programadores de todo el mundo<\/strong>. De la misma manera, la experiencia en el apartado de gesti\u00f3n y producci\u00f3n ha permitido tejer colaboraciones con otras agencias. As\u00ed es como hemos iniciado el booking para Catalu\u00f1a y Baleares del gran clarinetista y saxofonista cubano, <strong>Paquito D\u2019Rivera<\/strong>, con quien 2024 ha sido un a\u00f1o lleno de conciertos en algunos de los festivales m\u00e1s relevantes de nuestro pa\u00eds.  <\/p>\n<p class=\"p1\">Nuestro prop\u00f3sito inmediato es seguir abriendo caminos hacia aquellas programaciones y festivales donde a\u00fan no hemos tenido presencia, y consolidar nuestra <strong>proyecci\u00f3n internacional.<\/strong> Queremos llevar m\u00e1s lejos la magia de los artistas que representamos, expandiendo su sonido all\u00ed donde todav\u00eda no ha resonado. <\/p>\n<\/div>\n\n\n\n<div class=\"wp-block-columns is-layout-flex wp-container-core-columns-is-layout-9d6595d7 wp-block-columns-is-layout-flex\">\n<div class=\"wp-block-column is-layout-flow wp-block-column-is-layout-flow\">\n<figure class=\"wp-block-image tb-image tb-image-dynamic tb-image-frame-none\" data-toolset-blocks-image=\"93fe42cdd80b37173147dfaba0e66651\"><img decoding=\"async\" width=\"342\" height=\"266\" loading=\"lazy\" src=\"https:\/\/blumusic.cat\/wp-content\/uploads\/2025\/04\/FedeSerrat-copia.webp\" alt=\"\" class=\"wp-image-206\" srcset=\"https:\/\/blumusic.cat\/wp-content\/uploads\/2025\/04\/FedeSerrat-copia.webp 342w, https:\/\/blumusic.cat\/wp-content\/uploads\/2025\/04\/FedeSerrat-copia-300x233.webp 300w\" sizes=\"auto, (max-width: 342px) 100vw, 342px\" \/><\/figure>\n<\/div>\n\n\n\n<div class=\"wp-block-column is-layout-flow wp-block-column-is-layout-flow\">\n\n<\/div>\n<\/div>\n<\/div>\n\n<\/div><\/div><\/div>\n<\/div><\/div>\n\n<\/div><\/div>\n<\/div>\n\n<hr class=\"wp-block-separator alignwide has-alpha-channel-opacity is-style-wide fina\"\/>\n\n<div style=\"height:50px\" aria-hidden=\"true\" class=\"wp-block-spacer\"><\/div>\n\n<div class=\"wp-block-ps2id-block-target\" id=\"link\"><\/div>\n\n<h2 class=\"wp-block-heading has-text-align-center titol-contactar\">Contactar<\/h2>\n\n<p class=\"has-text-align-center blau\">Puedes contactar con Blumusic por tel\u00e9fono o v\u00eda email en:<\/p>\n\n<h3 class=\"wp-block-heading has-text-align-center\">Fede Serrat<\/h3>\n\n<div class=\"wp-block-buttons is-content-justification-center is-layout-flex wp-container-core-buttons-is-layout-16018d1d wp-block-buttons-is-layout-flex\">\n<div class=\"wp-block-button cta tel\"><a class=\"wp-block-button__link wp-element-button\">+34 646 922 582<\/a><\/div>\n\n\n\n<div class=\"wp-block-button cta mail\"><a class=\"wp-block-button__link wp-element-button\" href=\"mailto:info@blumusic.es\">info@blumusic.es<\/a><\/div>\n<\/div>\n\n<div style=\"height:30px\" aria-hidden=\"true\" class=\"wp-block-spacer\"><\/div>\n\n<p class=\"has-text-align-center text-logos\">Cuando se ponga en contacto con <strong>BluMusic<\/strong>, utilizaremos su correo electr\u00f3nico o tel\u00e9fono para mantener el contacto profesional, en base al inter\u00e9s leg\u00edtimo. Ante cualquier duda, consulta la <a href=\"https:\/\/blumusic.cat\/es\/politica-de-privacidad\/\" data-type=\"page\" data-id=\"3\">Pol\u00edtica de Privacidad.<\/a> <\/p>\n\n<div style=\"height:60px\" aria-hidden=\"true\" class=\"wp-block-spacer\"><\/div>\n\n<hr class=\"wp-block-separator alignwide has-alpha-channel-opacity fina is-style-wide\"\/>\n\n<div class=\"wp-block-columns alignwide columna-no-marges is-layout-flex wp-container-core-columns-is-layout-9d6595d7 wp-block-columns-is-layout-flex\">\n<div class=\"wp-block-column is-layout-flow wp-block-column-is-layout-flow\" style=\"flex-basis:20%\">\n<p class=\"text-logos\">S\u00edguenos en:<\/p><a href=\"https:\/\/www.linkedin.com\/in\/blumusicprod\/\" class=\"xxss\" target=\"_blank\"><i class=\"fa-brands fa-linkedin\"><\/i><\/a> <a href=\"https:\/\/www.instagram.com\/blumusicproduccions\/\" class=\"xxss\" target=\"_blank\"><i class=\"fa-brands fa-instagram\"><\/i><\/a>  <a href=\"https:\/\/www.youtube.com\/@blumusicproduccions5292\" class=\"xxss\" target=\"_blank\"><i class=\"fa-brands fa-youtube\"><\/i><\/a>\n<\/div>\n\n\n\n<div class=\"wp-block-column is-layout-flow wp-block-column-is-layout-flow\" style=\"flex-basis:40%\"><\/div>\n\n\n\n<div class=\"wp-block-column is-layout-flow wp-block-column-is-layout-flow\" style=\"flex-basis:40%\">\n<p class=\"text-logos\">Con el soporte:<\/p>\n\n\n\n<figure class=\"wp-block-image size-full is-resized wp-duotone-rgb107120140-ccc-1\"><img loading=\"lazy\" decoding=\"async\" width=\"1403\" height=\"100\" src=\"https:\/\/blumusic.cat\/wp-content\/uploads\/2025\/04\/logos_inst.webp\" alt=\"\" class=\"wp-image-312\" style=\"width:519px;height:auto\" srcset=\"https:\/\/blumusic.cat\/wp-content\/uploads\/2025\/04\/logos_inst.webp 1403w, https:\/\/blumusic.cat\/wp-content\/uploads\/2025\/04\/logos_inst-300x21.webp 300w, https:\/\/blumusic.cat\/wp-content\/uploads\/2025\/04\/logos_inst-1024x73.webp 1024w, https:\/\/blumusic.cat\/wp-content\/uploads\/2025\/04\/logos_inst-768x55.webp 768w\" sizes=\"auto, (max-width: 1403px) 100vw, 1403px\" \/><\/figure>\n<\/div>\n<\/div>\n\n<hr class=\"wp-block-separator alignwide has-alpha-channel-opacity is-style-wide\"\/>\n\n<div style=\"height:30px\" aria-hidden=\"true\" class=\"wp-block-spacer\"><\/div>\n\n<figure class=\"wp-block-image alignwide size-full\"><img loading=\"lazy\" decoding=\"async\" width=\"1024\" height=\"95\" src=\"https:\/\/blumusic.cat\/wp-content\/uploads\/2025\/06\/CONBANDERA_KITDIGITAL-1024x95-1.png\" alt=\"\" class=\"wp-image-1407\" srcset=\"https:\/\/blumusic.cat\/wp-content\/uploads\/2025\/06\/CONBANDERA_KITDIGITAL-1024x95-1.png 1024w, https:\/\/blumusic.cat\/wp-content\/uploads\/2025\/06\/CONBANDERA_KITDIGITAL-1024x95-1-300x28.png 300w, https:\/\/blumusic.cat\/wp-content\/uploads\/2025\/06\/CONBANDERA_KITDIGITAL-1024x95-1-768x71.png 768w\" sizes=\"auto, (max-width: 1024px) 100vw, 1024px\" \/><\/figure>\n","protected":false},"excerpt":{"rendered":"<p>Festivales Bio<\/p>\n","protected":false},"author":1,"featured_media":0,"parent":0,"menu_order":0,"comment_status":"closed","ping_status":"closed","template":"","meta":{"_genesis_hide_title":true,"_genesis_hide_breadcrumbs":false,"_genesis_hide_singular_image":false,"_genesis_hide_footer_widgets":false,"_genesis_custom_body_class":"","_genesis_custom_post_class":"","_genesis_layout":"","footnotes":""},"class_list":{"0":"post-416","1":"page","2":"type-page","3":"status-publish","5":"entry"},"_links":{"self":[{"href":"https:\/\/blumusic.cat\/es\/wp-json\/wp\/v2\/pages\/416","targetHints":{"allow":["GET"]}}],"collection":[{"href":"https:\/\/blumusic.cat\/es\/wp-json\/wp\/v2\/pages"}],"about":[{"href":"https:\/\/blumusic.cat\/es\/wp-json\/wp\/v2\/types\/page"}],"author":[{"embeddable":true,"href":"https:\/\/blumusic.cat\/es\/wp-json\/wp\/v2\/users\/1"}],"replies":[{"embeddable":true,"href":"https:\/\/blumusic.cat\/es\/wp-json\/wp\/v2\/comments?post=416"}],"version-history":[{"count":7,"href":"https:\/\/blumusic.cat\/es\/wp-json\/wp\/v2\/pages\/416\/revisions"}],"predecessor-version":[{"id":1158,"href":"https:\/\/blumusic.cat\/es\/wp-json\/wp\/v2\/pages\/416\/revisions\/1158"}],"wp:attachment":[{"href":"https:\/\/blumusic.cat\/es\/wp-json\/wp\/v2\/media?parent=416"}],"curies":[{"name":"wp","href":"https:\/\/api.w.org\/{rel}","templated":true}]}}