{"id":701,"date":"2025-03-26T16:12:00","date_gmt":"2025-03-26T16:12:00","guid":{"rendered":"https:\/\/blumusic.cat\/servicios\/"},"modified":"2025-04-23T10:43:45","modified_gmt":"2025-04-23T10:43:45","slug":"servicios","status":"publish","type":"page","link":"https:\/\/blumusic.cat\/es\/servicios\/","title":{"rendered":"Servicios"},"content":{"rendered":"\n<div style=\"height:20px\" aria-hidden=\"true\" class=\"wp-block-spacer\"><\/div>\n\n<hr class=\"wp-block-separator alignwide has-alpha-channel-opacity is-style-wide gruixuda\"\/>\n\n<div class=\"wp-block-columns alignwide is-layout-flex wp-container-core-columns-is-layout-9d6595d7 wp-block-columns-is-layout-flex\">\n<div class=\"wp-block-column is-layout-flow wp-block-column-is-layout-flow\" style=\"flex-basis:25%\">\n<div class=\"wp-block-cover rodo\"><span aria-hidden=\"true\" class=\"wp-block-cover__background has-theme-primary-background-color has-background-dim-100 has-background-dim\"><\/span><div class=\"wp-block-cover__inner-container is-layout-constrained wp-block-cover-is-layout-constrained\">\n<h1 class=\"wp-block-heading has-text-align-center titol has-large-font-size\">Servicios<\/h1>\n<\/div><\/div>\n<\/div>\n\n\n\n<div class=\"wp-block-column is-layout-flow wp-block-column-is-layout-flow\" style=\"flex-basis:75%\"><div class=\"wpv-view-output\" data-toolset-views-view-editor=\"dcf46c6d9bad11ea2fbd0aff8b81615c\"><div class=\"wp-block-toolset-views-view-editor\"><div id=\"wpv-view-layout-1118\" class=\"js-wpv-view-layout js-wpv-layout-responsive js-wpv-view-layout-1118\" data-viewnumber=\"1118\" data-pagination=\"{&quot;id&quot;:1118,&quot;query&quot;:&quot;normal&quot;,&quot;type&quot;:&quot;disabled&quot;,&quot;effect&quot;:&quot;fade&quot;,&quot;duration&quot;:500,&quot;speed&quot;:5,&quot;pause_on_hover&quot;:&quot;enabled&quot;,&quot;stop_rollover&quot;:&quot;false&quot;,&quot;cache_pages&quot;:&quot;enabled&quot;,&quot;preload_images&quot;:&quot;enabled&quot;,&quot;preload_pages&quot;:&quot;enabled&quot;,&quot;preload_reach&quot;:1,&quot;spinner&quot;:&quot;builtin&quot;,&quot;spinner_image&quot;:&quot;https:\/\/blumusic.cat\/wp-content\/plugins\/toolset-blocks\/embedded\/res\/img\/ajax-loader.gif&quot;,&quot;callback_next&quot;:&quot;&quot;,&quot;manage_history&quot;:&quot;enabled&quot;,&quot;has_controls_in_form&quot;:&quot;disabled&quot;,&quot;infinite_tolerance&quot;:&quot;0&quot;,&quot;max_pages&quot;:0,&quot;page&quot;:1,&quot;base_permalink&quot;:&quot;\/es\/wp-json\/wp\/v2\/pages\/701?wpv_view_count=1118&amp;wpv_paged=WPV_PAGE_NUM&quot;,&quot;loop&quot;:{&quot;type&quot;:&quot;&quot;,&quot;name&quot;:&quot;&quot;,&quot;data&quot;:[],&quot;id&quot;:0}}\" data-permalink=\"\/es\/wp-json\/wp\/v2\/pages\/701?wpv_view_count=1118\">\n\n<div class=\"js-wpv-loop-wrapper\"><div class=\"tb-grid\"><div class=\"tb-grid-column\">\n\n<div class=\"wp-block-toolset-views-view-template-block wpv-block-loop-item php-to-be-replaced-with-shortcode\" data-toolset-views-view-template-block=\"494d134dc898e2f9a8322d607c25e3af\">\n<h2 class=\"tb-heading\" data-toolset-blocks-heading=\"77bdb758d7ef0597edc18d2996fef032\" data-last-update=\"1.4\">Booking<\/h2>\n\n\n\n<div class=\"tb-field\" data-toolset-blocks-field=\"3b23e5407419eda702ab89e2bfa5b37b\" data-last-update=\"1.4\"><p class=\"p1\">Nos encargamos de hacer llegar tu proyecto a los escenarios. Buscamos y negociamos actuaciones en festivales, ciclos, programaciones municipales y mucho m\u00e1s, siempre teniendo en cuenta la estrategia de visibilidad y crecimiento de tu proyecto. Te ayudamos a construir una gira coherente, cuidando cada detalle log\u00edstico y potenciando tu presencia en el territorio. En definitiva, abrimos camino para que tu proyecto llegue tan lejos como pueda volar.   <\/p>\n<p class=\"p2\"><b>\u00bfQuieres girar tu m\u00fasica? <a href=\"#link\">\u00a1Hablemos!<\/a><\/b><\/p>\n<\/div>\n\n\n\n<figure class=\"wp-block-image tb-image tb-image-dynamic tb-image-frame-none\" data-toolset-blocks-image=\"b1ee2476daf414cb83cb6bc501a8f695\"><img decoding=\"async\" width=\"1024\" height=\"685\" loading=\"lazy\" src=\"https:\/\/blumusic.cat\/wp-content\/uploads\/2025\/04\/PAQUITO-D-RIVERA-T.-PRINCIPAL-2024-_foto_David-Arquimbau_Sintes_21-copia-1024x685.webp\" alt=\"\" class=\"wp-image-643\" srcset=\"https:\/\/blumusic.cat\/wp-content\/uploads\/2025\/04\/PAQUITO-D-RIVERA-T.-PRINCIPAL-2024-_foto_David-Arquimbau_Sintes_21-copia-1024x685.webp 1024w, https:\/\/blumusic.cat\/wp-content\/uploads\/2025\/04\/PAQUITO-D-RIVERA-T.-PRINCIPAL-2024-_foto_David-Arquimbau_Sintes_21-copia-300x201.webp 300w, https:\/\/blumusic.cat\/wp-content\/uploads\/2025\/04\/PAQUITO-D-RIVERA-T.-PRINCIPAL-2024-_foto_David-Arquimbau_Sintes_21-copia-768x513.webp 768w, https:\/\/blumusic.cat\/wp-content\/uploads\/2025\/04\/PAQUITO-D-RIVERA-T.-PRINCIPAL-2024-_foto_David-Arquimbau_Sintes_21-copia-1536x1027.webp 1536w, https:\/\/blumusic.cat\/wp-content\/uploads\/2025\/04\/PAQUITO-D-RIVERA-T.-PRINCIPAL-2024-_foto_David-Arquimbau_Sintes_21-copia.webp 2000w\" sizes=\"auto, (max-width: 1024px) 100vw, 1024px\" \/><\/figure>\n\n\n\n<hr class=\"wp-block-separator has-text-color has-theme-primary-color has-alpha-channel-opacity has-theme-primary-background-color has-background is-style-wide\">\n<\/div>\n\n<\/div><div class=\"tb-grid-column\">\n\n<div class=\"wp-block-toolset-views-view-template-block wpv-block-loop-item php-to-be-replaced-with-shortcode\" data-toolset-views-view-template-block=\"494d134dc898e2f9a8322d607c25e3af\">\n<h2 class=\"tb-heading\" data-toolset-blocks-heading=\"77bdb758d7ef0597edc18d2996fef032\" data-last-update=\"1.4\">Management<\/h2>\n\n\n\n<div class=\"tb-field\" data-toolset-blocks-field=\"3b23e5407419eda702ab89e2bfa5b37b\" data-last-update=\"1.4\"><p class=\"p1\">Acompa\u00f1amos tu proyecto desde la visi\u00f3n estrat\u00e9gica hasta la ejecuci\u00f3n del d\u00eda a d\u00eda. Te ayudamos a definir objetivos, coordinar los agentes implicados y tomar decisiones cerradas que impulsen tu trayectoria. Ponemos el foco en la identidad, la imagen, la direcci\u00f3n art\u00edstica y las oportunidades de crecimiento.  <\/p>\n<p class=\"p2\"><b>\u00bfTienes un proyecto con potencial? <a href=\"#link\">Desde aqu\u00ed te ayudamos a crearlo.<\/a><\/b><\/p>\n<\/div>\n\n\n\n<figure class=\"wp-block-image tb-image tb-image-dynamic tb-image-frame-none\" data-toolset-blocks-image=\"b1ee2476daf414cb83cb6bc501a8f695\"><img decoding=\"async\" width=\"1024\" height=\"684\" loading=\"lazy\" src=\"https:\/\/blumusic.cat\/wp-content\/uploads\/2025\/04\/PAQUITO-D-RIVERA-T.-PRINCIPAL-2024-_foto_David-Arquimbau_Sintes_41-copia-1024x684.webp\" alt=\"\" class=\"wp-image-646\" srcset=\"https:\/\/blumusic.cat\/wp-content\/uploads\/2025\/04\/PAQUITO-D-RIVERA-T.-PRINCIPAL-2024-_foto_David-Arquimbau_Sintes_41-copia-1024x684.webp 1024w, https:\/\/blumusic.cat\/wp-content\/uploads\/2025\/04\/PAQUITO-D-RIVERA-T.-PRINCIPAL-2024-_foto_David-Arquimbau_Sintes_41-copia-300x200.webp 300w, https:\/\/blumusic.cat\/wp-content\/uploads\/2025\/04\/PAQUITO-D-RIVERA-T.-PRINCIPAL-2024-_foto_David-Arquimbau_Sintes_41-copia-768x513.webp 768w, https:\/\/blumusic.cat\/wp-content\/uploads\/2025\/04\/PAQUITO-D-RIVERA-T.-PRINCIPAL-2024-_foto_David-Arquimbau_Sintes_41-copia-1536x1025.webp 1536w, https:\/\/blumusic.cat\/wp-content\/uploads\/2025\/04\/PAQUITO-D-RIVERA-T.-PRINCIPAL-2024-_foto_David-Arquimbau_Sintes_41-copia.webp 2000w\" sizes=\"auto, (max-width: 1024px) 100vw, 1024px\" \/><\/figure>\n\n\n\n<hr class=\"wp-block-separator has-text-color has-theme-primary-color has-alpha-channel-opacity has-theme-primary-background-color has-background is-style-wide\">\n<\/div>\n\n<\/div><div class=\"tb-grid-column\">\n\n<div class=\"wp-block-toolset-views-view-template-block wpv-block-loop-item php-to-be-replaced-with-shortcode\" data-toolset-views-view-template-block=\"494d134dc898e2f9a8322d607c25e3af\">\n<h2 class=\"tb-heading\" data-toolset-blocks-heading=\"77bdb758d7ef0597edc18d2996fef032\" data-last-update=\"1.4\">Administraci\u00f3n de proyectos musicales<\/h2>\n\n\n\n<div class=\"tb-field\" data-toolset-blocks-field=\"3b23e5407419eda702ab89e2bfa5b37b\" data-last-update=\"1.4\"><p class=\"p1\">Damos cobertura econ\u00f3mica, legal y fiscal a tu proyecto para que todo est\u00e9 en regla y puedas centrarte en la m\u00fasica. Nos ocupamos de facturas, contratos, n\u00f3minas, impuestos y presupuestos de giras o producciones. Un servicio esencial, hecho con rigor y adaptado a la realidad del sector musical.  <\/p>\n<p class=\"p1\"><b>\u00bfQuieres despreocuparte del papeleo? <a href=\"#link\">D\u00e9jalo en nuestras manos.<\/a><\/b><\/p>\n<\/div>\n\n\n\n\n\n\n\n<hr class=\"wp-block-separator has-text-color has-theme-primary-color has-alpha-channel-opacity has-theme-primary-background-color has-background is-style-wide\">\n<\/div>\n\n<\/div><div class=\"tb-grid-column\">\n\n<div class=\"wp-block-toolset-views-view-template-block wpv-block-loop-item php-to-be-replaced-with-shortcode\" data-toolset-views-view-template-block=\"494d134dc898e2f9a8322d607c25e3af\">\n<h2 class=\"tb-heading\" data-toolset-blocks-heading=\"77bdb758d7ef0597edc18d2996fef032\" data-last-update=\"1.4\">Asesoramiento a programadores\/se y promotores\/se<\/h2>\n\n\n\n<div class=\"tb-field\" data-toolset-blocks-field=\"3b23e5407419eda702ab89e2bfa5b37b\" data-last-update=\"1.4\"><p class=\"p1\">Acompa\u00f1amos a los profesionales del sector (programadores, programadoras, promotores y promotoras) en la selecci\u00f3n y contrataci\u00f3n de propuestas musicales que encajen en su espacio, p\u00fablico y filosof\u00eda. Conocemos en profundidad los proyectos que representamos, hecho que nos permite orientar con criterio art\u00edstico, t\u00e9cnico y log\u00edstico. <\/p>\n<p class=\"p1\">Nos implicamos para facilitar el trabajo: informaci\u00f3n clara, respuesta \u00e1gil, flexibilidad y un trato pr\u00f3ximo. Somos aliados para que la m\u00fasica llegue al p\u00fablico en las mejores condiciones posibles. <\/p>\n<p class=\"p1\"><b>\u00bfTienes un espacio para llenar de m\u00fasica? <a href=\"#link\">Te ayudamos a darle sentido.<\/a><\/b><\/p>\n<\/div>\n\n\n\n\n\n\n\n<hr class=\"wp-block-separator has-text-color has-theme-primary-color has-alpha-channel-opacity has-theme-primary-background-color has-background is-style-wide\">\n<\/div>\n\n<\/div><\/div><\/div>\n<\/div><\/div>\n\n<\/div><\/div>\n<\/div>\n\n<div class=\"wp-block-columns alignwide is-layout-flex wp-container-core-columns-is-layout-9d6595d7 wp-block-columns-is-layout-flex\">\n<div class=\"wp-block-column is-layout-flow wp-block-column-is-layout-flow\">\n<figure class=\"wp-block-image size-large\"><img loading=\"lazy\" decoding=\"async\" width=\"1024\" height=\"684\" src=\"https:\/\/blumusic.cat\/wp-content\/uploads\/2025\/04\/f4d855ce-7b9a-48b5-9a64-7ae4de696ff7-copia-1024x684.webp\" alt=\"\" class=\"wp-image-670\" srcset=\"https:\/\/blumusic.cat\/wp-content\/uploads\/2025\/04\/f4d855ce-7b9a-48b5-9a64-7ae4de696ff7-copia-1024x684.webp 1024w, https:\/\/blumusic.cat\/wp-content\/uploads\/2025\/04\/f4d855ce-7b9a-48b5-9a64-7ae4de696ff7-copia-300x200.webp 300w, https:\/\/blumusic.cat\/wp-content\/uploads\/2025\/04\/f4d855ce-7b9a-48b5-9a64-7ae4de696ff7-copia-768x513.webp 768w, https:\/\/blumusic.cat\/wp-content\/uploads\/2025\/04\/f4d855ce-7b9a-48b5-9a64-7ae4de696ff7-copia-1536x1025.webp 1536w, https:\/\/blumusic.cat\/wp-content\/uploads\/2025\/04\/f4d855ce-7b9a-48b5-9a64-7ae4de696ff7-copia.webp 2000w\" sizes=\"auto, (max-width: 1024px) 100vw, 1024px\" \/><\/figure>\n<\/div>\n\n\n\n<div class=\"wp-block-column is-layout-flow wp-block-column-is-layout-flow\">\n<figure class=\"wp-block-image size-large\"><img loading=\"lazy\" decoding=\"async\" width=\"1024\" height=\"684\" src=\"https:\/\/blumusic.cat\/wp-content\/uploads\/2025\/04\/PAQUITO-D-RIVERA-T.-PRINCIPAL-2024-_foto_David-Arquimbau_Sintes_38-copia-1024x684.webp\" alt=\"\" class=\"wp-image-673\" srcset=\"https:\/\/blumusic.cat\/wp-content\/uploads\/2025\/04\/PAQUITO-D-RIVERA-T.-PRINCIPAL-2024-_foto_David-Arquimbau_Sintes_38-copia-1024x684.webp 1024w, https:\/\/blumusic.cat\/wp-content\/uploads\/2025\/04\/PAQUITO-D-RIVERA-T.-PRINCIPAL-2024-_foto_David-Arquimbau_Sintes_38-copia-300x200.webp 300w, https:\/\/blumusic.cat\/wp-content\/uploads\/2025\/04\/PAQUITO-D-RIVERA-T.-PRINCIPAL-2024-_foto_David-Arquimbau_Sintes_38-copia-768x513.webp 768w, https:\/\/blumusic.cat\/wp-content\/uploads\/2025\/04\/PAQUITO-D-RIVERA-T.-PRINCIPAL-2024-_foto_David-Arquimbau_Sintes_38-copia-1536x1025.webp 1536w, https:\/\/blumusic.cat\/wp-content\/uploads\/2025\/04\/PAQUITO-D-RIVERA-T.-PRINCIPAL-2024-_foto_David-Arquimbau_Sintes_38-copia.webp 2000w\" sizes=\"auto, (max-width: 1024px) 100vw, 1024px\" \/><\/figure>\n<\/div>\n\n\n\n<div class=\"wp-block-column is-layout-flow wp-block-column-is-layout-flow\">\n<figure class=\"wp-block-image size-large\"><img loading=\"lazy\" decoding=\"async\" width=\"1024\" height=\"684\" src=\"https:\/\/blumusic.cat\/wp-content\/uploads\/2025\/04\/a41b59c0-2874-4da3-97ef-ee6b727c8b29-copia-1024x684.webp\" alt=\"\" class=\"wp-image-676\" srcset=\"https:\/\/blumusic.cat\/wp-content\/uploads\/2025\/04\/a41b59c0-2874-4da3-97ef-ee6b727c8b29-copia-1024x684.webp 1024w, https:\/\/blumusic.cat\/wp-content\/uploads\/2025\/04\/a41b59c0-2874-4da3-97ef-ee6b727c8b29-copia-300x200.webp 300w, https:\/\/blumusic.cat\/wp-content\/uploads\/2025\/04\/a41b59c0-2874-4da3-97ef-ee6b727c8b29-copia-768x513.webp 768w, https:\/\/blumusic.cat\/wp-content\/uploads\/2025\/04\/a41b59c0-2874-4da3-97ef-ee6b727c8b29-copia-1536x1025.webp 1536w, https:\/\/blumusic.cat\/wp-content\/uploads\/2025\/04\/a41b59c0-2874-4da3-97ef-ee6b727c8b29-copia.webp 2000w\" sizes=\"auto, (max-width: 1024px) 100vw, 1024px\" \/><\/figure>\n<\/div>\n\n\n\n<div class=\"wp-block-column is-layout-flow wp-block-column-is-layout-flow\">\n<figure class=\"wp-block-image size-large\"><img loading=\"lazy\" decoding=\"async\" width=\"1024\" height=\"684\" src=\"https:\/\/blumusic.cat\/wp-content\/uploads\/2025\/04\/image00004-copia-1024x684.webp\" alt=\"\" class=\"wp-image-680\" srcset=\"https:\/\/blumusic.cat\/wp-content\/uploads\/2025\/04\/image00004-copia-1024x684.webp 1024w, https:\/\/blumusic.cat\/wp-content\/uploads\/2025\/04\/image00004-copia-300x200.webp 300w, https:\/\/blumusic.cat\/wp-content\/uploads\/2025\/04\/image00004-copia-768x513.webp 768w, https:\/\/blumusic.cat\/wp-content\/uploads\/2025\/04\/image00004-copia-1536x1025.webp 1536w, https:\/\/blumusic.cat\/wp-content\/uploads\/2025\/04\/image00004-copia.webp 2000w\" sizes=\"auto, (max-width: 1024px) 100vw, 1024px\" \/><\/figure>\n<\/div>\n<\/div>\n\n<div style=\"height:10px\" aria-hidden=\"true\" class=\"wp-block-spacer\"><\/div>\n\n<hr class=\"wp-block-separator alignwide has-alpha-channel-opacity fina is-style-wide\"\/>\n\n<div style=\"height:50px\" aria-hidden=\"true\" class=\"wp-block-spacer\"><\/div>\n\n<div class=\"wp-block-ps2id-block-target\" id=\"link\"><\/div>\n\n<h2 class=\"wp-block-heading has-text-align-center titol-contactar\">Contactar<\/h2>\n\n<p class=\"has-text-align-center blau\">Puedes contactar con Blumusic por tel\u00e9fono o v\u00eda email en:<\/p>\n\n<h3 class=\"wp-block-heading has-text-align-center\">Fede Serrat<\/h3>\n\n<div class=\"wp-block-buttons is-content-justification-center is-layout-flex wp-container-core-buttons-is-layout-16018d1d wp-block-buttons-is-layout-flex\">\n<div class=\"wp-block-button cta tel\"><a class=\"wp-block-button__link wp-element-button\">+34 646 922 582<\/a><\/div>\n\n\n\n<div class=\"wp-block-button cta mail\"><a class=\"wp-block-button__link wp-element-button\" href=\"mailto:info@blumusic.es\">info@blumusic.es<\/a><\/div>\n<\/div>\n\n<div style=\"height:30px\" aria-hidden=\"true\" class=\"wp-block-spacer\"><\/div>\n\n<p class=\"has-text-align-center text-logos\">Cuando se ponga en contacto con <strong>BluMusic<\/strong>, utilizaremos su correo electr\u00f3nico o tel\u00e9fono para mantener el contacto profesional, en base al inter\u00e9s leg\u00edtimo. Ante cualquier duda, consulta la <a href=\"https:\/\/blumusic.cat\/es\/politica-de-privacidad\/\" data-type=\"page\" data-id=\"3\">Pol\u00edtica de Privacidad.<\/a> <\/p>\n\n<div style=\"height:60px\" aria-hidden=\"true\" class=\"wp-block-spacer\"><\/div>\n\n<hr class=\"wp-block-separator alignwide has-alpha-channel-opacity fina is-style-wide\"\/>\n\n<div class=\"wp-block-columns alignwide columna-no-marges is-layout-flex wp-container-core-columns-is-layout-9d6595d7 wp-block-columns-is-layout-flex\">\n<div class=\"wp-block-column is-layout-flow wp-block-column-is-layout-flow\" style=\"flex-basis:20%\">\n<p class=\"text-logos\">S\u00edguenos en:<\/p><a href=\"https:\/\/www.linkedin.com\/in\/blumusicprod\/\" class=\"xxss\" target=\"_blank\"><i class=\"fa-brands fa-linkedin\"><\/i><\/a> <a href=\"https:\/\/www.instagram.com\/blumusicproduccions\/\" class=\"xxss\" target=\"_blank\"><i class=\"fa-brands fa-instagram\"><\/i><\/a>  <a href=\"https:\/\/www.youtube.com\/@blumusicproduccions5292\" class=\"xxss\" target=\"_blank\"><i class=\"fa-brands fa-youtube\"><\/i><\/a>\n<\/div>\n\n\n\n<div class=\"wp-block-column is-layout-flow wp-block-column-is-layout-flow\" style=\"flex-basis:40%\"><\/div>\n\n\n\n<div class=\"wp-block-column is-layout-flow wp-block-column-is-layout-flow\" style=\"flex-basis:40%\">\n<p class=\"text-logos\">Con el soporte:<\/p>\n\n\n\n<figure class=\"wp-block-image size-full is-resized wp-duotone-rgb107120140-ccc-1\"><img loading=\"lazy\" decoding=\"async\" width=\"1403\" height=\"100\" src=\"https:\/\/blumusic.cat\/wp-content\/uploads\/2025\/04\/logos_inst.webp\" alt=\"\" class=\"wp-image-312\" style=\"width:519px;height:auto\" srcset=\"https:\/\/blumusic.cat\/wp-content\/uploads\/2025\/04\/logos_inst.webp 1403w, https:\/\/blumusic.cat\/wp-content\/uploads\/2025\/04\/logos_inst-300x21.webp 300w, https:\/\/blumusic.cat\/wp-content\/uploads\/2025\/04\/logos_inst-1024x73.webp 1024w, https:\/\/blumusic.cat\/wp-content\/uploads\/2025\/04\/logos_inst-768x55.webp 768w\" sizes=\"auto, (max-width: 1403px) 100vw, 1403px\" \/><\/figure>\n<\/div>\n<\/div>\n\n<hr class=\"wp-block-separator alignwide has-alpha-channel-opacity is-style-wide\"\/>\n\n<div style=\"height:30px\" aria-hidden=\"true\" class=\"wp-block-spacer\"><\/div>\n\n<figure class=\"wp-block-image alignwide size-full\"><img loading=\"lazy\" decoding=\"async\" width=\"1024\" height=\"95\" src=\"https:\/\/blumusic.cat\/wp-content\/uploads\/2025\/06\/CONBANDERA_KITDIGITAL-1024x95-1.png\" alt=\"\" class=\"wp-image-1407\" srcset=\"https:\/\/blumusic.cat\/wp-content\/uploads\/2025\/06\/CONBANDERA_KITDIGITAL-1024x95-1.png 1024w, https:\/\/blumusic.cat\/wp-content\/uploads\/2025\/06\/CONBANDERA_KITDIGITAL-1024x95-1-300x28.png 300w, https:\/\/blumusic.cat\/wp-content\/uploads\/2025\/06\/CONBANDERA_KITDIGITAL-1024x95-1-768x71.png 768w\" sizes=\"auto, (max-width: 1024px) 100vw, 1024px\" \/><\/figure>\n","protected":false},"excerpt":{"rendered":"","protected":false},"author":1,"featured_media":0,"parent":0,"menu_order":0,"comment_status":"closed","ping_status":"closed","template":"","meta":{"_genesis_hide_title":true,"_genesis_hide_breadcrumbs":false,"_genesis_hide_singular_image":false,"_genesis_hide_footer_widgets":false,"_genesis_custom_body_class":"","_genesis_custom_post_class":"","_genesis_layout":"","footnotes":""},"class_list":{"0":"post-701","1":"page","2":"type-page","3":"status-publish","5":"entry"},"_links":{"self":[{"href":"https:\/\/blumusic.cat\/es\/wp-json\/wp\/v2\/pages\/701","targetHints":{"allow":["GET"]}}],"collection":[{"href":"https:\/\/blumusic.cat\/es\/wp-json\/wp\/v2\/pages"}],"about":[{"href":"https:\/\/blumusic.cat\/es\/wp-json\/wp\/v2\/types\/page"}],"author":[{"embeddable":true,"href":"https:\/\/blumusic.cat\/es\/wp-json\/wp\/v2\/users\/1"}],"replies":[{"embeddable":true,"href":"https:\/\/blumusic.cat\/es\/wp-json\/wp\/v2\/comments?post=701"}],"version-history":[{"count":22,"href":"https:\/\/blumusic.cat\/es\/wp-json\/wp\/v2\/pages\/701\/revisions"}],"predecessor-version":[{"id":1163,"href":"https:\/\/blumusic.cat\/es\/wp-json\/wp\/v2\/pages\/701\/revisions\/1163"}],"wp:attachment":[{"href":"https:\/\/blumusic.cat\/es\/wp-json\/wp\/v2\/media?parent=701"}],"curies":[{"name":"wp","href":"https:\/\/api.w.org\/{rel}","templated":true}]}}